{"id":121,"date":"2012-01-05T09:56:25","date_gmt":"2012-01-05T09:56:25","guid":{"rendered":"http:\/\/85.201.121.98\/livre\/?page_id=121"},"modified":"2014-07-29T09:16:56","modified_gmt":"2014-07-29T09:16:56","slug":"langlire","status":"publish","type":"page","link":"https:\/\/gouvy.eu\/livre\/23-villages\/langlire\/","title":{"rendered":"Langlire"},"content":{"rendered":"<p><em>124 habitants<\/em><\/p>\n<p><em>\u00c9tymologie\u00a0: selon Carnoy, le nom de Langlire viendrait du latin \u00ab\u00a0Angularia\u00a0\u00bb, pris dans le sens d\u2019\u00ab\u00a0ensemble de prairies\u00a0\u00bb.<\/em><\/p>\n<p>Le village de Langlire, autrefois constitu\u00e9 de \u00ab\u00a0Petite Langlire\u00a0\u00bb et \u00ab\u00a0Grande Langlire\u00a0\u00bb, est d\u00e9j\u00e0 cit\u00e9 dans un document dat\u00e9 de 896 sous le nom de \u00ab\u00a0Anglaria\u00a0\u00bb.<\/p>\n<p>Point culminant de la commune (592,5\u00a0m sur le plateau en direction de Lomr\u00e9), Langlire fut un centre d\u2019industrie du fer, ainsi que le rappelle le nom donn\u00e9 au petit cours d\u2019eau\u00a0: \u00ab\u00a0Ruisseau de la forge d\u2019Embrogne\u00a0\u00bb. Au milieu de village, le \u00ab\u00a0Pr\u00e9 aux Fosses\u00a0\u00bb est, comme son nom l\u2019indique, une p\u00e2ture o\u00f9 l\u2019on peut encore distinguer des fosses \u00e0 moiti\u00e9 remplies de scories et de gros morceaux de fer ainsi que les restes d\u2019une ancienne fonderie.<\/p>\n<p>Non loin de l\u00e0, un pr\u00e9 voisin est tout entier recouvert de charbons de bois et de d\u00e9bris d\u2019une forge. La plupart des taques de chemin\u00e9es que l\u2019on trouve aujourd\u2019hui dans les maisons de Langlire proviennent de ces fonderies et datent du 17e si\u00e8cle.<\/p>\n<p>Le long de la rivi\u00e8re, au lieudit \u00ab\u00a0Le marteau\u00a0\u00bb, on a retrouv\u00e9 un grand nombre d\u2019outils de forgerons. \u00c0 cet endroit existait un grand atelier appartenant aux fonderies de Langlire ainsi qu\u2019une verrerie dont quelques vestiges subsistent encore.<\/p>\n<h2>La chapelle Sainte-Brigitte<\/h2>\n<p>Elle fut \u00e9difi\u00e9e en 1708, mais sa reconnaissance officielle ne se fit que le 3\u00a0janvier\u00a01727. En 1803, elle fut rattach\u00e9e officiellement \u00e0 la paroisse d\u2019Ottr\u00e9. Cette chapelle est un petit ensemble de deux volumes en m\u0153llons blanchis. \u00c0 c\u00f4t\u00e9 se trouve l\u2019ancien presbyt\u00e8re avec une entr\u00e9e commune \u00e0 la chapelle.<\/p>\n<p>Les anciennes fermes situ\u00e9es aux n\u00b0\u00a02 a, 36 et 37 m\u00e9ritent un d\u00e9tour.<\/p>\n<p>Au Sud Est du village, pr\u00e8s du lieudit \u00ab\u00a0la Combe\u00a0\u00bb, jolie croix latine, votive en schiste ardoisier sise au pied d\u2019un arbre, et portant la mention \u00ab\u00a0<em>Ici a decedee une pauvre famme le 6 delan 1774. Disse pour son ame une pater ave R.I.P. Amen<\/em>\u00a0\u00bb<\/p>\n<p><strong>Promenades S.I. passant par Langlire<\/strong><\/p>\n<blockquote>\n<ul>\n<li>N\u00b0\u00a029 9,1\u00a0km 3\u00a0h bleu for\u00eat (aller-retour)<\/li>\n<li>N\u00b0\u00a033 10,3\u00a0km 3\u00a0h\u00a020 jaune for\u00eat<\/li>\n<\/ul>\n<\/blockquote>\n<p><strong>Parcours VTT passant par Langlire<\/strong><\/p>\n<blockquote>\n<ul>\n<li>N\u00ba\u00a04 31\u00a0km rouge<\/li>\n<li>N\u00ba\u00a05 24\u00a0km jaune<\/li>\n<\/ul>\n<\/blockquote>\n","protected":false},"excerpt":{"rendered":"<p>124 habitants \u00c9tymologie\u00a0: selon Carnoy, le nom de Langlire viendrait du latin \u00ab\u00a0Angularia\u00a0\u00bb, pris dans le sens d\u2019\u00ab\u00a0ensemble de prairies\u00a0\u00bb. Le village de Langlire, autrefois constitu\u00e9 de \u00ab\u00a0Petite Langlire\u00a0\u00bb et \u00ab\u00a0Grande Langlire\u00a0\u00bb, est d\u00e9j\u00e0 cit\u00e9 dans un document dat\u00e9 de 896 sous le nom de \u00ab\u00a0Anglaria\u00a0\u00bb. Point culminant de la commune (592,5\u00a0m sur le plateau [&hellip;]<\/p>\n","protected":false},"author":1,"featured_media":0,"parent":2,"menu_order":16,"comment_status":"closed","ping_status":"open","template":"","meta":{"footnotes":"","_links_to":"","_links_to_target":""},"class_list":["post-121","page","type-page","status-publish","hentry"],"_links":{"self":[{"href":"https:\/\/gouvy.eu\/livre\/wp-json\/wp\/v2\/pages\/121","targetHints":{"allow":["GET"]}}],"collection":[{"href":"https:\/\/gouvy.eu\/livre\/wp-json\/wp\/v2\/pages"}],"about":[{"href":"https:\/\/gouvy.eu\/livre\/wp-json\/wp\/v2\/types\/page"}],"author":[{"embeddable":true,"href":"https:\/\/gouvy.eu\/livre\/wp-json\/wp\/v2\/users\/1"}],"replies":[{"embeddable":true,"href":"https:\/\/gouvy.eu\/livre\/wp-json\/wp\/v2\/comments?post=121"}],"version-history":[{"count":3,"href":"https:\/\/gouvy.eu\/livre\/wp-json\/wp\/v2\/pages\/121\/revisions"}],"predecessor-version":[{"id":202,"href":"https:\/\/gouvy.eu\/livre\/wp-json\/wp\/v2\/pages\/121\/revisions\/202"}],"up":[{"embeddable":true,"href":"https:\/\/gouvy.eu\/livre\/wp-json\/wp\/v2\/pages\/2"}],"wp:attachment":[{"href":"https:\/\/gouvy.eu\/livre\/wp-json\/wp\/v2\/media?parent=121"}],"curies":[{"name":"wp","href":"https:\/\/api.w.org\/{rel}","templated":true}]}}