{"id":123,"date":"2012-01-05T10:01:01","date_gmt":"2012-01-05T10:01:01","guid":{"rendered":"http:\/\/85.201.121.98\/livre\/?page_id=123"},"modified":"2014-07-29T09:17:34","modified_gmt":"2014-07-29T09:17:34","slug":"limerle","status":"publish","type":"page","link":"https:\/\/gouvy.eu\/livre\/23-villages\/limerle\/","title":{"rendered":"Limerl\u00e9"},"content":{"rendered":"<p><em>408 habitants<\/em><\/p>\n<p><em>\u00c9tymologie\u00a0: Selon Carnoy, l\u2019origine de l\u2019appellation \u00ab\u00a0Limerl\u00e9\u00a0\u00bb serait \u00e0 rechercher dans le nom propre germanique \u00ab\u00a0Liutmar\u00a0\u00bb (cit\u00e9 en 1045) et du suffixe \u00ab\u00a0Lar\u00a0\u00bb (endroit humide dans un bois).<\/em><\/p>\n<p>Petit village d\u2019une centaine de maisons, Limerl\u00e9 repose dans une vall\u00e9e spacieuse form\u00e9e par les versants oppos\u00e9s et doucement inclin\u00e9s de deux hauts plateaux.<\/p>\n<p>Alors qu\u2019au Nord les eaux s\u2019\u00e9coulent vers l\u2019Ourthe et le bassin de la Meuse, au Sud les petits cours d\u2019eau (le Bru et la Dalle) vont rejoindre la Moselle puis le bassin du Rhin. Aux abords du village en direction de Steinbach, l\u2019Ourthe a creus\u00e9 une vall\u00e9e profonde et accident\u00e9e\u2009; \u00e0 l\u2019inverse, les cours d\u2019eau rejoignant la Moselle s\u2019\u00e9coulent au creux d\u2019une vall\u00e9e l\u00e9g\u00e8rement ondul\u00e9e.<\/p>\n<p>Gouvy, Limerl\u00e9 et Steinbach faisaient jadis partie de la paroisse de Bas-Bellain au Grand-Duch\u00e9 de Luxembourg.<\/p>\n<p>Bas-Bellain est le premier village du Duch\u00e9 dont il est fait mention dans les documents connus \u00e0 ce jour (Historia Francorum de Gr\u00e9goire de Tours &#8211; 585 P.C.).<\/p>\n<p>On pouvait encore y voir il y a peu, avant le r\u00e9am\u00e9nagement du cimeti\u00e8re, la partie r\u00e9serv\u00e9e aux Wallons. C\u2019est en 1585 que Limerl\u00e9 fut \u00e9rig\u00e9 en paroisse et s\u00e9par\u00e9 de l\u2019\u00e9glise m\u00e8re de Bas-Bellain. Dans le m\u00eame temps \u00e9tait cr\u00e9\u00e9 le vicariat de Steinbach.<\/p>\n<p>L\u2019\u00e9glise paroissiale Saint-\u00c9tienne est dot\u00e9e de fonts baptismaux datant de 1\u2009437. Mena\u00e7ant ruine en 1716, on la reconstruisit entre 1716 et 1739. L\u2019actuelle \u00e9glise est en style n\u00e9o-roman. Elle fut \u00e9difi\u00e9e d\u2019apr\u00e8s les plans de l\u2019architecte R\u00e9mont de Li\u00e8ge entre 1898 et 1900.<\/p>\n<p>On peut encore admirer, sur les flancs de l\u2019\u00e9glise, les pierres tombales, particuli\u00e8rement ouvrag\u00e9es, de plusieurs pr\u00eatres et vicaires ayant desservi la paroisse. Le portail ext\u00e9rieur de la sacristie, dat\u00e9 de 1\u2009739 et surmont\u00e9 d\u2019une petite niche destin\u00e9e \u00e0 recevoir la statue du saint patron, est une remarquable pi\u00e8ce de schiste ardoisier due aux artistes tyroliens de Recht.<\/p>\n<p>Face \u00e0 l\u2019\u00e9glise, le vieux quartier regroupe de nombreuses fermes et maisons ardennaises massives aux vastes toits d\u2019ardoises et parfois entour\u00e9es d\u2019imposants murs d\u2019enceinte.<\/p>\n<p>De multiples vestiges attestent aujourd\u2019hui encore de l\u2019occupation tr\u00e8s ancienne de Limerl\u00e9. Des tombes m\u00e9rovingiennes, datant sans doute du 7e si\u00e8cle, ont \u00e9t\u00e9 mises \u00e0 jour au nord-est du village.<\/p>\n<p>Situ\u00e9e au lieudit \u00ab\u00a0\u00e0 Tombales\u00a0\u00bb, \u00e0 une distance de deux\u00a0kilom\u00e8tres au nord-est du village, la n\u00e9cropole se composait d\u2019une trentaine de tertres de 5 \u00e0 dix\u00a0m\u00e8tres de diam\u00e8tre. Des fouilles y ont \u00e9t\u00e9 effectu\u00e9es entre 1963 et 1966. Chaque tombelle recouvrait une seule fosse de grandes dimensions, mais ne rec\u00e9lait que peu de mobilier. Une telle n\u00e9cropole \u00e0 tombelles est unique en Belgique.<\/p>\n<p>D\u2019autre part, l\u2019ancienne voie romaine traverse le territoire du Sud Ouest au Sud Est\u2009; on y voit des tumulus, des tombes romaines et des d\u00e9bris de villas (H\u00e9 beindje ou St\u00e8nehouse) dans lesquelles on a d\u00e9couvert des urnes fun\u00e9raires et de nombreux vestiges tels les \u00e9l\u00e9ments d\u2019un hypocauste (syst\u00e8me romain de chauffage par le sol).<\/p>\n<p>Cette voie romaine servit durant des si\u00e8cles aux deux c\u00e9l\u00e8bres processions dites \u00ab\u00a0de Cologne\u00a0\u00bb, qui, la semaine avant la Pentec\u00f4te et \u00e0 quatre jours d\u2019intervalle, se rendaient chaque ann\u00e9e en p\u00e8lerinage \u00e0 Saint-Hubert en ex\u00e9cution d\u2019un v\u0153u national fait \u00e0 l\u2019occasion d\u2019une \u00e9pid\u00e9mie de rage (voir aussi \u00e0 ce sujet Deiffelt).<\/p>\n<p>Autrefois, \u00e0 Limerl\u00e9 et \u00e0 Steinbach, on invoquait les saints Ferr\u00e9ol, Firmin et Quirin de Neuss pour gu\u00e9rir d\u2019un mal appel\u00e9 \u00ab\u00a0Maladye D\u00e8 Treus Saints\u00a0\u00bb\u00a0: des ulc\u00e8res et des abc\u00e8s principalement situ\u00e9s sur les jambes. Anciennement, les trois saints \u00e9taient pri\u00e9s dans une chapelle contenant leurs statues, b\u00e2tie entre les deux localit\u00e9s, dont il ne subsiste aucune trace. \u00c0 la destruction de la chapelle, les trois statues furent r\u00e9parties entre les \u00e9glises des deux villages\u00a0: Ferr\u00e9ol \u00e0 Limerl\u00e9, Quirin et Firmin \u00e0 Steinbach. Le p\u00e8lerinage s\u2019adapta \u00e0 cette nouvelle situation. Ainsi le malade, qui ne devait pas faire personnellement le p\u00e8lerinage, envoyait trois mandataires qui se rendaient d\u2019abord \u00e0 l\u2019\u00e9glise de Limerl\u00e9, puis \u00e0 Steinbach avant de rentrer par un autre chemin.<\/p>\n<p>Cette chapelle aujourd\u2019hui disparue \u00e9tait vraisemblablement celle qui jouxtait l\u2019ermitage de Limerl\u00e9, situ\u00e9 \u00e0 gauche du chemin allant du village vers le moulin du Trou. La d\u00e9molition de cette chapelle fut demand\u00e9e en 1784 aux mayeur et \u00e9chevins de la seigneurie de Steinbach-Limerl\u00e9 par le seigneur du lieu, M.J. de Beurth\u00e9, qui pr\u00e9cisait \u00ab\u00a0\u2026 que les maisons \u00e0 l\u2019\u00e9cart et \u00e0 port\u00e9e des chemins ne pouvant \u00eatre que dangereuses et sujettes \u00e0 servir de retraites \u00e0 des vagabonds, la cour est tr\u00e8s humblement suppli\u00e9e de permettre au soussign\u00e9 de faire d\u00e9molir le b\u00e2timent en toute son \u00e9tendue pour pr\u00e9venir le mal qui pourrait r\u00e9sulter de cette retraite et d\u00e9clarer le fond en d\u00e9pendant, avec les mat\u00e9riaux, propri\u00e9t\u00e9 du Seigneur exposant, parmi satisfaisant aux frais n\u00e9cessaires pour la d\u00e9molition\u00a0\u00bb.<\/p>\n<p>Le moulin du Trou, d\u00e9j\u00e0 cit\u00e9 en 1650 a \u00e9t\u00e9 abandonn\u00e9 durant la seconde moiti\u00e9 du 19e si\u00e8cle. D\u2019importants vestiges en sont encore visibles en bordure de l\u2019Ourthe, au fond de la vall\u00e9e entre Cherapont et Limerl\u00e9.<\/p>\n<h2>La l\u00e9gende de Manchette, seigneur de Hachiville<\/h2>\n<blockquote><p>Qui donc, s\u2019il s\u2019est attard\u00e9 \u00e0 la nuit tomb\u00e9e du c\u00f4t\u00e9 de la fronti\u00e8re Grand-Ducale, dans les bois, les fourr\u00e9s et vastes plaines qui s\u2019\u00e9tendent entre Hachiville, Limerl\u00e9 et Steinbach, n\u2019a entendu dans le lointain les cris de chasse du chevalier Manchette se r\u00e9percutant de colline en colline\u00a0: \u00ab\u00a0ha\u00efe tet\u2009! ha\u00efe tet\u2009!\u00a0\u00bb.<\/p>\n<p>Manchette, le sire de Manchette, grand chasseur devant l\u2019\u00e9ternel, qui, un soir, de retour de la chasse, tua son propre fils dans un acc\u00e8s de col\u00e8re et fut condamn\u00e9 \u00e0 errer sans fin par monts et par vaux jusqu\u2019\u00e0 la consommation des si\u00e8cles, pour expier son crime.<\/p>\n<p>Lorsque la nuit aura d\u00e9velopp\u00e9 son voile,<br \/>\nOu que de Sirius aura brill\u00e9 l\u2019\u00e9toile,<br \/>\nQue le silence, au loin, dans les fourr\u00e9s profonds,<br \/>\nAux hiboux permettra de sortir des vieux troncs\u2009;<br \/>\nAttentifs, \u00e9coutons!\u2026 D\u2019un bruit, mon oreille est frapp\u00e9e,<br \/>\nComme du bruissement du vent dans la feuill\u00e9e\u2026<br \/>\nC\u2019est la meute du Sire\u2009; arpentant les buissons,<br \/>\nElle va d\u00e9boucher au sommet des vallons\u2009;<br \/>\nElle chasse un brocart, cette meute enrag\u00e9e\u2009;<br \/>\nMais d\u00e9j\u00e0, dans le bois, la b\u00eate est rembuch\u00e9e\u00a0:<br \/>\nAu centre de Hursindje, elle arrive \u00e0 grands pas,<br \/>\nSans crainte, attendons-la\u00a0: ces chiens ne nuisent pas.<br \/>\nEt Manchette jamais, revenant d\u2019outre-tombe,<br \/>\nNe moleste mortel sur qui sa meute tombe.<br \/>\nS\u2019il passe pr\u00e8s de chez vous, gardez votre repos\u2009;<br \/>\nSurtout, abstenez-vous, d\u2019un indiscret propos\u2009!<br \/>\nOn dit que des charriots, oubli\u00e9s dans les plaines,<br \/>\nSouvent ses chiens courants ont agit\u00e9 les chaines\u2009;<br \/>\nQue, s\u2019excitant alors par d\u2019assourdissants cris,<br \/>\nIls ont des mailles, provoqu\u00e9 le cliquetis\u2009;<br \/>\nPuis haletant, hargneux, se mordant d\u2019aventure,<br \/>\nOn les a vus laper toute une mare impure.<br \/>\nCette chasse bruyante, en nocturne appareil,<br \/>\nQui du peuple souvent, vint troubler le sommeil,<br \/>\nNe laisse de ses pas le matin, nulle trace,<br \/>\nMais d\u00e9j\u00e0 le silence\u2009!\u2026 Au loin le bruit s\u2019efface.<br \/>\n(\u2026)<br \/>\nManchette va rentrer dans le s\u00e9jour obscur<br \/>\nDes mortels d\u00e9c\u00e9d\u00e9s avec un point impur.<br \/>\nSur le livre de la vie\u2009; \u00e0 la p\u00e9nible t\u00e2che<br \/>\nDe chasser ici-bas, l\u2019arr\u00eat du ciel l\u2019attache,<br \/>\nJusqu\u2019au jour o\u00f9, brillant de l\u2019\u00e9clat de cristal,<br \/>\nIl recevra le prix de son terme fatal.<\/p><\/blockquote>\n<p><strong>Promenades S.I. passant par le village de Limerl\u00e9<\/strong><\/p>\n<blockquote>\n<ul>\n<li>N\u00b0\u00a010 7,1\u00a0km 2\u00a0h\u00a020 rouge tr\u00e8s sauvage, cr\u00eates, rochers<\/li>\n<li>N\u00b0\u00a011 9,5\u00a0km 3\u00a0h\u00a020 jaune facile, tr\u00e8s vari\u00e9e, bois et campagne, points de vue<\/li>\n<li>N\u00b0\u00a015 12\u00a0km 4\u00a0h vert vall\u00e9e, point de vue, travers\u00e9e de Steinbach, raccourci possible par la N\u00b0\u00a016<\/li>\n<li>N\u00ba\u00a016 9,7\u00a0km 2\u00a0h\u00a045 rouge facile<\/li>\n<li>N\u00b0\u00a010 7,1\u00a0km 2\u00a0h\u00a020 jaune facile (aller-retour)<\/li>\n<\/ul>\n<\/blockquote>\n<p><strong>Parcours VTT passant par Limerl\u00e9 et \u00e0 proximit\u00e9<\/strong><\/p>\n<blockquote>\n<ul>\n<li>N\u00ba\u00a01 13\u00a0km rouge<\/li>\n<li>N\u00ba\u00a02 23\u00a0km vert<\/li>\n<li>N\u00ba\u00a03 37\u00a0km jaune<\/li>\n<\/ul>\n<\/blockquote>\n","protected":false},"excerpt":{"rendered":"<p>408 habitants \u00c9tymologie\u00a0: Selon Carnoy, l\u2019origine de l\u2019appellation \u00ab\u00a0Limerl\u00e9\u00a0\u00bb serait \u00e0 rechercher dans le nom propre germanique \u00ab\u00a0Liutmar\u00a0\u00bb (cit\u00e9 en 1045) et du suffixe \u00ab\u00a0Lar\u00a0\u00bb (endroit humide dans un bois). Petit village d\u2019une centaine de maisons, Limerl\u00e9 repose dans une vall\u00e9e spacieuse form\u00e9e par les versants oppos\u00e9s et doucement inclin\u00e9s de deux hauts plateaux. Alors [&hellip;]<\/p>\n","protected":false},"author":1,"featured_media":0,"parent":2,"menu_order":17,"comment_status":"closed","ping_status":"open","template":"","meta":{"footnotes":"","_links_to":"","_links_to_target":""},"class_list":["post-123","page","type-page","status-publish","hentry"],"_links":{"self":[{"href":"https:\/\/gouvy.eu\/livre\/wp-json\/wp\/v2\/pages\/123","targetHints":{"allow":["GET"]}}],"collection":[{"href":"https:\/\/gouvy.eu\/livre\/wp-json\/wp\/v2\/pages"}],"about":[{"href":"https:\/\/gouvy.eu\/livre\/wp-json\/wp\/v2\/types\/page"}],"author":[{"embeddable":true,"href":"https:\/\/gouvy.eu\/livre\/wp-json\/wp\/v2\/users\/1"}],"replies":[{"embeddable":true,"href":"https:\/\/gouvy.eu\/livre\/wp-json\/wp\/v2\/comments?post=123"}],"version-history":[{"count":4,"href":"https:\/\/gouvy.eu\/livre\/wp-json\/wp\/v2\/pages\/123\/revisions"}],"predecessor-version":[{"id":203,"href":"https:\/\/gouvy.eu\/livre\/wp-json\/wp\/v2\/pages\/123\/revisions\/203"}],"up":[{"embeddable":true,"href":"https:\/\/gouvy.eu\/livre\/wp-json\/wp\/v2\/pages\/2"}],"wp:attachment":[{"href":"https:\/\/gouvy.eu\/livre\/wp-json\/wp\/v2\/media?parent=123"}],"curies":[{"name":"wp","href":"https:\/\/api.w.org\/{rel}","templated":true}]}}