{"id":127,"date":"2012-01-05T10:02:21","date_gmt":"2012-01-05T10:02:21","guid":{"rendered":"http:\/\/85.201.121.98\/livre\/?page_id=127"},"modified":"2012-01-05T10:02:21","modified_gmt":"2012-01-05T10:02:21","slug":"lomre","status":"publish","type":"page","link":"https:\/\/gouvy.eu\/livre\/23-villages\/lomre\/","title":{"rendered":"Lomr\u00e9"},"content":{"rendered":"<p><em>32 habitants<\/em><\/p>\n<p><em>\u00c9tymologie\u00a0: Selon Carnoy et Remacle, ce nom viendrait de Hlodmariacum, habitant de Hludimar.<\/em><\/p>\n<p>Jadis beaucoup plus populeux, le village de Lomr\u00e9 fut ravag\u00e9 par la peste au milieu du 17e si\u00e8cle. Tous les habitants p\u00e9rirent et les habitations furent ras\u00e9es pour \u00e9viter le retour du fl\u00e9au. Le village actuel fut reconstruit non loin de l\u2019ancien hameau vers 1800.<\/p>\n<p>En bordure du plateau des Tailles, r\u00e9serve naturelle de 203\u00a0hectares, le hameau de Lomr\u00e9 pr\u00e9vaut pour les \u00e9chapp\u00e9es remarquables qui s\u2019offrent au promeneur arpentant ces paysages. \u00c0 l\u2019instar de deux autres hameaux de la commune (Vaux et Honvelez), ce petit village ne poss\u00e8de pas d\u2019\u00e9difice religieux, et les paroissiens \u00e9taient jadis oblig\u00e9s de se rendre aux offices \u00e0 Langlire ou \u00e0 Montleban.<\/p>\n<p>Petit village rue, Lomr\u00e9 pr\u00e9sente quelques jolies fermes harmonieusement restaur\u00e9es. Son isolement en fait un havre de paix et de tranquillit\u00e9. Sa situation \u00e9lev\u00e9e offre des points de vue remarquables en direction de Cherain et Montleban. Il constitue un agr\u00e9able point de d\u00e9part vers la for\u00eat environnante et le plateau des Fagnes.<\/p>\n<p>Le promeneur gourmand, mais gourmet, pourra \u00e0 la belle saison se rassasier des d\u00e9licieux fruits des bois que sont framboises et myrtilles abondantes dans les sous-bois proches du village.<\/p>\n<p><strong>Promenades S.I. passant par Lomr\u00e9<\/strong><\/p>\n<blockquote>\n<ul>\n<li>N\u00ba\u00a022 9,2\u00a0km 3\u00a0h vert for\u00eat, futaie et sapini\u00e8res<\/li>\n<li>N\u00b0\u00a033 10,3\u00a0km 3\u00a0h\u00a020 jaune for\u00eat<\/li>\n<\/ul>\n<\/blockquote>\n<p><strong>Parcours VTT passant \u00e0 proximit\u00e9 de Lomr\u00e9<\/strong><\/p>\n<blockquote>\n<ul>\n<li>N\u00ba\u00a03 37\u00a0km jaune<\/li>\n<\/ul>\n<\/blockquote>\n","protected":false},"excerpt":{"rendered":"<p>32 habitants \u00c9tymologie\u00a0: Selon Carnoy et Remacle, ce nom viendrait de Hlodmariacum, habitant de Hludimar. Jadis beaucoup plus populeux, le village de Lomr\u00e9 fut ravag\u00e9 par la peste au milieu du 17e si\u00e8cle. Tous les habitants p\u00e9rirent et les habitations furent ras\u00e9es pour \u00e9viter le retour du fl\u00e9au. Le village actuel fut reconstruit non loin [&hellip;]<\/p>\n","protected":false},"author":1,"featured_media":0,"parent":2,"menu_order":18,"comment_status":"closed","ping_status":"open","template":"","meta":{"footnotes":"","_links_to":"","_links_to_target":""},"class_list":["post-127","page","type-page","status-publish","hentry"],"_links":{"self":[{"href":"https:\/\/gouvy.eu\/livre\/wp-json\/wp\/v2\/pages\/127","targetHints":{"allow":["GET"]}}],"collection":[{"href":"https:\/\/gouvy.eu\/livre\/wp-json\/wp\/v2\/pages"}],"about":[{"href":"https:\/\/gouvy.eu\/livre\/wp-json\/wp\/v2\/types\/page"}],"author":[{"embeddable":true,"href":"https:\/\/gouvy.eu\/livre\/wp-json\/wp\/v2\/users\/1"}],"replies":[{"embeddable":true,"href":"https:\/\/gouvy.eu\/livre\/wp-json\/wp\/v2\/comments?post=127"}],"version-history":[{"count":2,"href":"https:\/\/gouvy.eu\/livre\/wp-json\/wp\/v2\/pages\/127\/revisions"}],"predecessor-version":[{"id":129,"href":"https:\/\/gouvy.eu\/livre\/wp-json\/wp\/v2\/pages\/127\/revisions\/129"}],"up":[{"embeddable":true,"href":"https:\/\/gouvy.eu\/livre\/wp-json\/wp\/v2\/pages\/2"}],"wp:attachment":[{"href":"https:\/\/gouvy.eu\/livre\/wp-json\/wp\/v2\/media?parent=127"}],"curies":[{"name":"wp","href":"https:\/\/api.w.org\/{rel}","templated":true}]}}