{"id":130,"date":"2012-01-05T10:05:18","date_gmt":"2012-01-05T10:05:18","guid":{"rendered":"http:\/\/85.201.121.98\/livre\/?page_id=130"},"modified":"2014-07-29T09:18:18","modified_gmt":"2014-07-29T09:18:18","slug":"montleban","status":"publish","type":"page","link":"https:\/\/gouvy.eu\/livre\/23-villages\/montleban\/","title":{"rendered":"Montleban"},"content":{"rendered":"<p><em>195 habitants\u00a0:<\/em><\/p>\n<p><em>\u00c9tymologie\u00a0: Le mont sur le terrain banal.<\/em><\/p>\n<p>Selon une tradition sujette \u00e0 caution, le village de Montleban aurait \u00e9t\u00e9 un important centre urbain \u00e0 l\u2019\u00e9poque carolingienne, avant d\u2019\u00eatre d\u00e9truit par Attila. Ainsi peut-on encore apercevoir, entre Montleban et Baclain, les ruines de deux villages, Garsy et Harci, villages d\u00e9truits par le barbare, roi des Huns, au cours de sanglants combats dans le courant du 6e si\u00e8cle. De m\u00eame, dans la direction de Bihain, on pouvait encore apercevoir, jusqu\u2019il y a peu, les ruines du hameau d\u2019Hisporcy, aujourd\u2019hui disparu. Selon la l\u00e9gende, le village disparu de Garsy \u00e9tait le lieu de rendez-vous des sorci\u00e8res de la r\u00e9gion.<\/p>\n<p>La pr\u00e9sence de quelques anciennes carri\u00e8res atteste de l\u2019existence d\u2019une petite activit\u00e9 industrielle et de l\u2019excellence de la pierre de construction qui y fut extraite durant plusieurs si\u00e8cles.<\/p>\n<p>Au c\u0153ur du vieux village, le long de \u00ab\u00a0l\u2019Eau de Montleban\u00a0\u00bb, au confluent avec le \u00ab\u00a0Ry des Fagnes\u00a0\u00bb, descendant des hauteurs de Lomr\u00e9, se dresse l\u2019imposant moulin \u00ab\u00a0Massart\u00a0\u00bb, moulin banal de la seigneurie de Houffalize, d\u00e9j\u00e0 cit\u00e9 en 1545 et faisant partie des biens du Seigneur Adrien\u00a0Fran\u00e7ois de Rivi\u00e8re, de Houffalize. La fa\u00e7ade principale en m\u0153llons blanchis pr\u00e9sente deux arcs g\u00e9min\u00e9s sous lesquels passe l\u2019eau alimentant les deux roues motrices. L\u2019ensemble du m\u00e9canisme est encore intact.<\/p>\n<p>Ce moulin, qui n\u2019est plus en activit\u00e9 depuis 1956, est un des rares exemples, dans la r\u00e9gion, de moulin ayant encore ses deux roues. Le corps de logis a \u00e9t\u00e9 transform\u00e9 apr\u00e8s l\u2019arriv\u00e9e des Massart en 1892, avec l\u2019ajout de porcheries et d\u2019\u00e9tables.<\/p>\n<p>Non loin du village, en direction de Langlire, au lieudit \u00ab\u00a0Brousse-le-Fatz\u00a0\u00bb, se trouvait un village r\u00e9pondant au m\u00eame nom. \u00c0 l\u2019inverse des autres localit\u00e9s disparues suite \u00e0 des \u00e9pid\u00e9mies de peste et de chol\u00e9ra ou suite aux guerres qui ont \u00e9maill\u00e9 l\u2019histoire de notre r\u00e9gion, ce dernier s\u2019est lentement et inexorablement enfonc\u00e9 dans les mar\u00e9cages au milieu desquels il \u00e9tait construit.<\/p>\n<p>Situ\u00e9e au centre du village, l\u2019\u00e9glise paroissiale Saint-Roch &#8211; en souvenir de l\u2019\u00e9pid\u00e9mie de peste de 1\u2009636 &#8211; remonte probablement au 17e si\u00e8cle. D\u00e9pendant originellement de Cherain puis, sous l\u2019empire fran\u00e7ais, de Baclain, elle acquit le statut de paroisse le 30\u00a0novembre\u00a01834. L\u2019\u00e9glise pr\u00e9sente une masse imposante en m\u0153llons d\u2019arkose, pr\u00e9c\u00e9d\u00e9e d\u2019une tour \u00e0 trois niveaux flanqu\u00e9e d\u2019une tourelle d\u2019escaliers donnant acc\u00e8s aux grandes orgues et au jub\u00e9. L\u2019\u00e9glise actuelle, qui a \u00e9t\u00e9 reconstruite en 1907 1\u2009908, comporte trois jeux d\u2019orgues remarquables (voir ci-dessous).<\/p>\n<p>Accol\u00e9e au mur du presbyt\u00e8re, \u00e0 gauche de l\u2019\u00e9glise, la petite fontaine de Montleban pr\u00e9sente aujourd\u2019hui encore un ensemble homog\u00e8ne constitu\u00e9 de quatre bacs, dont trois en schiste, de pr\u00e8s de trois m\u00e8tres de longueur. Il n\u2019y a pas si longtemps encore, la population du village venait journellement s\u2019y approvisionner en eau potable tandis que les bacs servaient aux lessives et permettaient aux bestiaux de s\u2019abreuver. L\u2019ensemble a \u00e9t\u00e9 r\u00e9nov\u00e9 et am\u00e9nag\u00e9 avec bonheur lors de la cr\u00e9ation de la place du village qui a remplac\u00e9 l\u2019ancienne maison communale et l\u2019\u00e9cole.<\/p>\n<p>Le promeneur pourra tout \u00e0 loisir admirer les nombreuses fermes typiques que renferme encore le village, et plus particuli\u00e8rement les num\u00e9ros 18\u00a0b, 22, 56 et 71, dont les baies, sans pierre de taille, sont construites \u00e0 base de m\u0153llons d\u2019angle et claveaux \u00ab\u00a0t\u00eates de moules\u00a0\u00bb parfaitement \u00e9pinc\u00e9es.<\/p>\n<h2>Les orgues de Montleban<\/h2>\n<p>C\u2019est \u00e0 l\u2019initiative de l\u2019abb\u00e9 Gruslin, qui, durant l\u2019ann\u00e9e 1960, forma le v\u0153u de doter son \u00e9glise d\u2019un jeu d\u2019orgues, et gr\u00e2ce au soutien financier de ses g\u00e9n\u00e9reux paroissiens que ces instruments extraordinaires virent le jour.<\/p>\n<p>Musicien et facteur d\u2019orgue \u00e0 ses heures, fin m\u00e9canicien de surcroit, l\u2019abb\u00e9 Mathot, cur\u00e9 d\u2019Engreux-Houffalize, se vit confier les travaux de construction de l\u2019instrument.<\/p>\n<p>Le Grand-Orgue de la tribune vit le jour apr\u00e8s quatre ann\u00e9es de travaux. Renouant d\u2019une certaine fa\u00e7on avec la facture classique, l\u2019Abb\u00e9 Mathot choisit de construire un orgue \u00e0 2\u00a0claviers et p\u00e9dales, dot\u00e9es de quelque 1\u2009500\u00a0tuyaux, \u00e0 traction m\u00e9canique et s\u2019inspirant de la facture allemande des 17es et 18es si\u00e8cles. Cet instrument occupe une place de choix dans le renouveau de la facture d\u2019orgue en Belgique. Il est rang\u00e9 dans la ligne de l\u2019\u00e2ge baroque. La sonorit\u00e9 est tr\u00e8s chaude et claire. Il poss\u00e8de 24\u00a0jeux.<\/p>\n<p>Le buffet en buis fut r\u00e9alis\u00e9 par les fr\u00e8res Grandjean, de Givry (Bastogne), tandis que les t\u00eates de registres, \u00e0 l\u2019effigie des chantres et organistes de la paroisse, furent sculpt\u00e9es par M.\u00a0Delvaux, ancien professeur de Saint-Luc (Li\u00e8ge). L\u2019abb\u00e9 Mathot cr\u00e9a et mit en place chaque \u00e9l\u00e9ment de cet instrument.<\/p>\n<p>Fin\u00a01971, L\u2019abb\u00e9 Mathot commen\u00e7ait la construction du positif de 12\u00a0jeux install\u00e9 dans le ch\u0153ur. D\u00e9c\u00e9d\u00e9 en janvier\u00a01973, il n\u2019a pu mener \u00e0 terme la r\u00e9alisation de ce second instrument. Ce deuxi\u00e8me orgue, con\u00e7u dans l\u2019esprit de la facture fran\u00e7aise, poss\u00e8de 12\u00a0jeux.<\/p>\n<p>Quelques modifications furent apport\u00e9es au Grand-Orgue en 1975 et un troisi\u00e8me instrument f\u00fbt termin\u00e9 en juillet\u00a01977. De type positif, sa composition s\u2019inspire de la facture classique italienne et il a \u00e9t\u00e9 install\u00e9 sur le c\u00f4t\u00e9 de la tribune. Son r\u00f4le est surtout de dialoguer avec le grand-orgue et d\u2019accompagner les orchestres.<\/p>\n<p>Le premier orgue fut inaugur\u00e9 en 1964. C\u2019est \u00e0 partir de cette date que la paroisse fut reprise dans le cadre du \u00ab\u00a0Juillet Musical de Saint-Hubert\u00a0\u00bb. Durant de nombreuses ann\u00e9es, les concerts donn\u00e9s en l\u2019\u00e9glise Saint-Roch drain\u00e8rent une foule nombreuse de m\u00e9lomanes et d\u2019amateurs de beaux instruments.<\/p>\n<h2>La querelle de l\u2019\u00e9lectricit\u00e9\u2026<\/h2>\n<blockquote><p>Fin des ann\u00e9es 20, sur le petit cours d\u2019eau qui descend du plateau des Tailles en direction de Montleban, \u00e0 quelques centaines de m\u00e8tres en amont du moulin Massart, M.\u00a0Spoo, un personnage aux multiples occupations, exploitait une petite scierie mue par la grande roue d\u2019un moulin. C\u2019\u00e9tait encore l\u2019\u00e9poque des quinquets et autres lampes \u00ab\u00a0pigeon\u00a0\u00bb dont la flamme vive risquait \u00e0 tout moment de bouter le feu dans la paille des \u00e9tables ou dans les fenils voisins.<\/p>\n<p>C\u2019est alors que notre \u00ab\u00a0meunier\u00a0\u00bb eut l\u2019id\u00e9e d\u2019adjoindre \u00e0 la roue du moulin, une g\u00e9n\u00e9ratrice d\u2019\u00e9lectricit\u00e9 qui, moyennant quelques centaines de m\u00e8tres de fil de cuivre et quelques poteaux, allait fournir la pr\u00e9cieuse \u00e9nergie dans le hameau. Nombre d\u2019habitants enthousiastes demand\u00e8rent leur raccordement \u00e0 la petite centrale dont les tarifs \u00e9taient en relation directe avec la richesse relative des demandeurs. Ainsi, alors qu\u2019un ouvrier payait une somme approximative de 100 francs par an, un riche propri\u00e9taire pouvait \u00ab\u00a0allonger\u00a0\u00bb jusqu\u2019\u00e0 pr\u00e8s de 3\u2009000 francs.<\/p>\n<p>\u00c0 la tomb\u00e9e du jour, la \u00ab\u00a0petite usine\u00a0\u00bb \u00e9tait mise en service et fournissait de l\u2019\u00e9lectricit\u00e9 jusqu\u2019\u00e0 22\u00a0h\u00a045 pr\u00e9cises. Seules quelques rares ampoules brillaient dans les maisons\u2009; ni frigo, ni lessiveuse ou autre appareil \u00e9lectrom\u00e9nager que nous connaissons aujourd\u2019hui\u2009; d\u2019ailleurs, la petite unit\u00e9 n\u2019aurait jamais pu satisfaire une telle demande. \u00c0 22\u00a0h\u00a030, trois br\u00e8ves coupures annon\u00e7aient aux derniers clients du caf\u00e9, en train de jouer au \u00ab\u00a0couyon\u00a0\u00bb devant une bonne goutte, que l\u2019\u00e9nergie allait \u00eatre coup\u00e9e dans les quinze minutes \u00e0 venir.<\/p>\n<p>Pour alimenter sa petite centrale, M.\u00a0Spoo avait \u00e9tabli, au voisinage de son atelier, une retenue d\u2019eau. Afin de disposer d\u2019une r\u00e9serve suffisante pour produire de l\u2019\u00e9lectricit\u00e9 durant la soir\u00e9e, il n\u2019h\u00e9sitait pas, de temps \u00e0 autre, \u00e0 interrompre le cours de la rivi\u00e8re, emp\u00eachant ainsi les fermiers situ\u00e9s en aval d\u2019abreuver leurs bestiaux\u2026 Jusqu\u2019au jour o\u00f9 ces derniers le jet\u00e8rent dans son \u00e9tang pour le convaincre de mettre fin \u00e0 cette pratique.<\/p>\n<p>Quelque temps plus tard, un groupe de notables (auxquels les tarifs semblaient sans doute par trop in\u00e9gaux\u2026) s\u2019enquirent d\u2019un \u00e9ventuel raccordement de l\u2019ensemble du village \u00e0 une grosse soci\u00e9t\u00e9 de distribution. Parmi eux, l\u2019instituteur de l\u2019\u00e9poque, Monsieur Despa. Dans le but sans doute de maintenir l\u2019ind\u00e9pendance de leur approvisionnement et les tarifs pr\u00e9f\u00e9rentiels dont ils b\u00e9n\u00e9ficiaient, un petit groupe d\u2019ouvriers et de fermiers mirent sur pied un comit\u00e9 de d\u00e9fense de la centrale locale et entreprirent de s\u2019opposer \u00e0 la nouvelle initiative.<\/p>\n<p>L\u2019histoire nous montre aujourd\u2019hui que ces derniers durent baisser pavillon, mais une fracture profonde se creusa entre les adeptes des deux camps oppos\u00e9s, divisant le village durant de longues ann\u00e9es. En guise de repr\u00e9sailles aux opposants, durant la coupure de midi, l\u2019instituteur gardait les enfants des \u00ab\u00a0r\u00e9fractaires au progr\u00e8s\u00a0\u00bb, soigneusement enferm\u00e9s sous cl\u00e9 dans la grande salle de l\u2019\u00e9cole. Il ne les lib\u00e9rait que quelques minutes \u00e0 peine avant la reprise des classes, de sorte que ceux-ci ne disposaient que de tr\u00e8s peu de temps pour rentrer chez eux, et y prendre leur repas. Il fallut l\u2019intervention d\u00e9cid\u00e9e d\u2019une maman ferme et autoritaire pour que les enfants soient enfin lib\u00e9r\u00e9s et, aux dires d\u2019Olivier\u00a0Linden et d\u2019Omer\u00a0Choffray, qui nous ont narr\u00e9 l\u2019aventure, sans cette intervention, ils y seraient sans nul doute toujours enferm\u00e9s\u2026<\/p><\/blockquote>\n<p><strong>Promenades S.I. passant par Montleban<\/strong><\/p>\n<ul>\n<li>N\u00ba\u00a022 9,2\u00a0km 3\u00a0h vert for\u00eat, futaie et sapini\u00e8res<\/li>\n<li>N\u00b0\u00a030 7,6\u00a0km 2\u00a0h\u00a030 vert facile, for\u00eat, campagne, point de vue, \u23a1la liaison L2 et L3 pour raccourcir le parcours et convient aux PMR<\/li>\n<\/ul>\n<p><strong>Parcours VTT passant par Montleban<\/strong><\/p>\n<blockquote>\n<ul>\n<li>N\u00ba\u00a03 37\u00a0km jaune<\/li>\n<\/ul>\n<\/blockquote>\n","protected":false},"excerpt":{"rendered":"<p>195 habitants\u00a0: \u00c9tymologie\u00a0: Le mont sur le terrain banal. Selon une tradition sujette \u00e0 caution, le village de Montleban aurait \u00e9t\u00e9 un important centre urbain \u00e0 l\u2019\u00e9poque carolingienne, avant d\u2019\u00eatre d\u00e9truit par Attila. Ainsi peut-on encore apercevoir, entre Montleban et Baclain, les ruines de deux villages, Garsy et Harci, villages d\u00e9truits par le barbare, roi [&hellip;]<\/p>\n","protected":false},"author":1,"featured_media":0,"parent":2,"menu_order":19,"comment_status":"closed","ping_status":"open","template":"","meta":{"footnotes":"","_links_to":"","_links_to_target":""},"class_list":["post-130","page","type-page","status-publish","hentry"],"_links":{"self":[{"href":"https:\/\/gouvy.eu\/livre\/wp-json\/wp\/v2\/pages\/130","targetHints":{"allow":["GET"]}}],"collection":[{"href":"https:\/\/gouvy.eu\/livre\/wp-json\/wp\/v2\/pages"}],"about":[{"href":"https:\/\/gouvy.eu\/livre\/wp-json\/wp\/v2\/types\/page"}],"author":[{"embeddable":true,"href":"https:\/\/gouvy.eu\/livre\/wp-json\/wp\/v2\/users\/1"}],"replies":[{"embeddable":true,"href":"https:\/\/gouvy.eu\/livre\/wp-json\/wp\/v2\/comments?post=130"}],"version-history":[{"count":3,"href":"https:\/\/gouvy.eu\/livre\/wp-json\/wp\/v2\/pages\/130\/revisions"}],"predecessor-version":[{"id":204,"href":"https:\/\/gouvy.eu\/livre\/wp-json\/wp\/v2\/pages\/130\/revisions\/204"}],"up":[{"embeddable":true,"href":"https:\/\/gouvy.eu\/livre\/wp-json\/wp\/v2\/pages\/2"}],"wp:attachment":[{"href":"https:\/\/gouvy.eu\/livre\/wp-json\/wp\/v2\/media?parent=130"}],"curies":[{"name":"wp","href":"https:\/\/api.w.org\/{rel}","templated":true}]}}