{"id":133,"date":"2012-01-05T10:07:24","date_gmt":"2012-01-05T10:07:24","guid":{"rendered":"http:\/\/85.201.121.98\/livre\/?page_id=133"},"modified":"2012-01-05T10:07:24","modified_gmt":"2012-01-05T10:07:24","slug":"ourthe","status":"publish","type":"page","link":"https:\/\/gouvy.eu\/livre\/23-villages\/ourthe\/","title":{"rendered":"Ourthe"},"content":{"rendered":"<p><em>234 habitants<\/em><\/p>\n<p><em>\u00c9tymologie\u00a0: Selon Tandel, Ourthe viendrait de \u00ab\u00a0Or\u00a0\u00bb, hauteur d\u2019o\u00f9 viennent les sources, \u00ab\u00a0Ourta\u00a0\u00bb, en ancien wallon, signifiant source, fontaine.<\/em><\/p>\n<p>Le village d\u2019Ourthe, incorpor\u00e9 en 1586 \u00e0 la Commune de Gouvy , ne comprenait alors que neuf maisons. Ce n\u2019est qu\u2019en 1807 que le village fut \u00e9rig\u00e9 en paroisse. Il subsiste peu de souvenirs historiques, si ce n\u2019est celui des ravages exerc\u00e9s par la peste en 1636. \u00c0 cette \u00e9poque, toute la population d\u2019Ourthe fut d\u00e9cim\u00e9e, \u00e0 l\u2019exception de trois personnes. Un petit hameau, appel\u00e9 \u00ab\u00a0Im Morth\u00a0\u00bb, situ\u00e9 dans la vall\u00e9e de Deiffelt, \u00e0 1\u00a0km environ de Ourthe, fut plus cruellement encore \u00e9prouv\u00e9. Tous ses habitants, sans aucune exception, p\u00e9rirent. Les maisons, tomb\u00e9es en ruines, ne furent jamais reb\u00e2ties. Lors de fouilles pratiqu\u00e9es sur le site, quelques murailles ont \u00e9t\u00e9 mises au jour.<\/p>\n<p>Sous le r\u00e9gime fran\u00e7ais, le village d\u2019Ourthe faisait partie du d\u00e9partement de l\u2019Ourthe, canton de Saint-Vith. Apr\u00e8s le congr\u00e8s de Vienne, ce canton devint prussien et c\u2019est ainsi qu\u2019en toute logique, Ourthe aurait d\u00fb appartenir \u00e0 la Prusse. Cependant, suite \u00e0 un marchandage entre les deux grandes puissances, lors des d\u00e9lib\u00e9rations des Commissions des Pays-Bas et de Prusse \u00e0 Aachen en vue de la fixation pr\u00e9cise de la fronti\u00e8re, il fut d\u00e9cid\u00e9 que Deiffelt, Ourthe et Wathermal feraient partie du Royaume des Pays-Bas (trait\u00e9 d\u2019Aachen, 26\u00a0juin\u00a01816).<\/p>\n<p>Un arr\u00eat\u00e9 Royal de 1\u2009818 fit passer une partie du canton de Vielsalm du Royaume des Pays-Bas au Grand-Duch\u00e9 de Luxembourg, possession personnelle de Guillaume 1er d\u2019Orange-Nassau. En 1823, un arr\u00eat\u00e9 grand-ducal fixe la composition des Communes. Ainsi se cr\u00e9e la commune de Beho, comprenant, outre Beho, les villages de Commanster, Deiffelt, Ourthe et Wathermal. En 1831, apr\u00e8s la r\u00e9volution belge, les grandes puissances du moment fixent les limites du Royaume et du Grand-Duch\u00e9 (qui reste attach\u00e9 \u00e0 la couronne des Pays-Bas jusqu\u2019en 1\u2009839). Le crit\u00e8re de s\u00e9lection \u00e9tait la conformit\u00e9 du langage\u00a0: parler germanique ou wallon. Normalement, la commune de Beho aurait du rester au Grand-Duch\u00e9, mais une m\u00e9connaissance de la situation sur le terrain octroya l\u2019entit\u00e9 \u00e0 la Belgique.<\/p>\n<p>Cette situation n\u2019a pas vari\u00e9 depuis lors, sauf pendant la Seconde Guerre mondiale, durant laquelle l\u2019occupant nazi, se souvenant peut-\u00eatre de l\u2019erreur de 1\u2009831, annexa Ourthe, Beho, Deiffelt et Wathermal au troisi\u00e8me Reich. Un poste fronti\u00e8re allemand \u00e9tait situ\u00e9 \u00e0 l\u2019entr\u00e9e du village d\u2019Ourthe durant les ann\u00e9es d\u2019occupation.<\/p>\n<p>Le village d\u2019Ourthe est situ\u00e9 aux sources de la rivi\u00e8re dont il porte le nom. C\u2019est l\u00e0, en effet, que l\u2019Ourthe orientale se cr\u00e9e \u00e0 partir de quatre petits cours d\u2019eau d\u00e9valant des collines environnantes. Deux de ces rus proviennent du village de Deiffelt\u2009; un troisi\u00e8me, qui prend sa source au c\u0153ur des fanges situ\u00e9es au nord du village, rejoint le cours principal au centre de la localit\u00e9, tandis que le quatri\u00e8me, apr\u00e8s avoir form\u00e9 quelques jolis \u00e9tangs, d\u00e9vale des collines de Wathermal pour se jeter dans la rivi\u00e8re \u00e0 l\u2019embranchement de la route qui rejoint ce village.<\/p>\n<p>L\u2019Ourthe est une rivi\u00e8re particuli\u00e8rement capricieuse. Ainsi, au cours des \u00e9t\u00e9s chauds et secs, la rivi\u00e8re se r\u00e9duit \u00e0 un mince filet d\u2019eau qui serpente calmement au milieu d\u2019une v\u00e9g\u00e9tation aquatique dense et verdoyante, tandis que les crues d\u2019hiver peuvent la montrer fougueuse et imp\u00e9tueuse. Son d\u00e9bit peut alors \u00eatre multipli\u00e9 par plus de 100.<\/p>\n<p>\u00c0 l\u2019instar de la plupart des villages de la r\u00e9gion, Ourthe poss\u00e9dait lui aussi son moulin \u00e0 grains. Ce b\u00e2timent est toujours visible \u00e0 la sortie du village en direction de Deiffelt.<\/p>\n<p>Le 14\u00a0janvier\u00a01944, Lors de l\u2019offensive \u00ab\u00a0Von Rundstedt\u00a0\u00bb l\u2019\u00e9glise paroissiale Sainte Agathe fut d\u00e9truite par les bombardements. Cette \u00e9glise \u00e9rig\u00e9e en 1870 succ\u00e9dait en fait \u00e0 deux sanctuaires ant\u00e9rieurs\u2009; le premier, simple chapelle, \u00e9rig\u00e9 en 1631\u2009; le second construit en 1707.<\/p>\n<p>De 1\u2009964 \u00e0 1\u2009969, on \u00e9difia une \u00e9glise &#8211; salle en b\u00e9ton aux volumes g\u00e9om\u00e9triques stricts. Cette \u00e9glise fut construite sur les plans de l\u2019architecte R.\u00a0Bastin de Namur. Cette \u00e9glise figure parmi les premiers chantiers inspir\u00e9s par les nouvelles dispositions liturgiques du concile Vatican II (1\u2009962 1\u2009965), le pr\u00eatre officiant face au public dans la langue de la r\u00e9gion.<\/p>\n<p>Le mobilier r\u00e9pertori\u00e9 comprend entre autres un ancien tabernacle datant de 1\u2009656. Une douzaine de pierres tombales ont \u00e9t\u00e9 encastr\u00e9es dans le mur du cimeti\u00e8re. Le presbyt\u00e8re \u00e9difi\u00e9 de 1\u2009891 \u00e0 1\u2009892 est en m\u0153llons cr\u00e9pis.<\/p>\n<p>Une promenade au c\u0153ur du vieux village s\u2019impose. Les petites ruelles g\u00e9n\u00e9ralement bord\u00e9es de murets s\u2019y entrecroisent harmonieusement bordant \u00e7\u00e0 et l\u00e0 quelques anciennes b\u00e2tisses ardennaises typiques, dont la maison de Nicolas\u00a0Jonius, le presbyt\u00e8re et la maison Demarche-Hennuy.<\/p>\n<p>Au pied du ch\u00eane plant\u00e9 le 6\u00a0juin\u00a01930 pour comm\u00e9morer le 100e anniversaire de l\u2019ind\u00e9pendance de la Belgique, une st\u00e8le a \u00e9t\u00e9 \u00e9rig\u00e9e en m\u00e9moire des soldats am\u00e9ricains tomb\u00e9s lors de l\u2019Offensive des Ardennes.<\/p>\n<p><strong>Promenades S.I.\u00a0passant par le village d\u2019Ourthe\u00a0: (l\u2019\u00e9glise)<\/strong><\/p>\n<blockquote>\n<ul>\n<li>N\u00ba\u00a03 7,7\u00a0km 2\u00a0h vert tr\u00e8s facile, campagne, for\u00eat<\/li>\n<li>N\u00ba\u00a06 6,9\u00a0km 2\u00a0h bleu points de vue, rochers<\/li>\n<li>N\u00ba\u00a013 6,6\u00a0km 2\u00a0h\u00a030 vert vue sur village, chapelle, point de vue, liaison avec Troisvierges<\/li>\n<li>N\u00ba\u00a014 10,3\u00a0km 3\u00a0h jaune point de vue, \u00ab\u00a0Maison Neuve\u00a0\u00bb \u00e0 Beho<\/li>\n<\/ul>\n<\/blockquote>\n<p><strong>Parcours VTT passant par Ourthe<\/strong><\/p>\n<blockquote>\n<ul>\n<li>N\u00ba\u00a05 24\u00a0km jaune<\/li>\n<\/ul>\n<\/blockquote>\n","protected":false},"excerpt":{"rendered":"<p>234 habitants \u00c9tymologie\u00a0: Selon Tandel, Ourthe viendrait de \u00ab\u00a0Or\u00a0\u00bb, hauteur d\u2019o\u00f9 viennent les sources, \u00ab\u00a0Ourta\u00a0\u00bb, en ancien wallon, signifiant source, fontaine. Le village d\u2019Ourthe, incorpor\u00e9 en 1586 \u00e0 la Commune de Gouvy , ne comprenait alors que neuf maisons. Ce n\u2019est qu\u2019en 1807 que le village fut \u00e9rig\u00e9 en paroisse. Il subsiste peu de souvenirs [&hellip;]<\/p>\n","protected":false},"author":1,"featured_media":0,"parent":2,"menu_order":20,"comment_status":"closed","ping_status":"open","template":"","meta":{"footnotes":"","_links_to":"","_links_to_target":""},"class_list":["post-133","page","type-page","status-publish","hentry"],"_links":{"self":[{"href":"https:\/\/gouvy.eu\/livre\/wp-json\/wp\/v2\/pages\/133","targetHints":{"allow":["GET"]}}],"collection":[{"href":"https:\/\/gouvy.eu\/livre\/wp-json\/wp\/v2\/pages"}],"about":[{"href":"https:\/\/gouvy.eu\/livre\/wp-json\/wp\/v2\/types\/page"}],"author":[{"embeddable":true,"href":"https:\/\/gouvy.eu\/livre\/wp-json\/wp\/v2\/users\/1"}],"replies":[{"embeddable":true,"href":"https:\/\/gouvy.eu\/livre\/wp-json\/wp\/v2\/comments?post=133"}],"version-history":[{"count":2,"href":"https:\/\/gouvy.eu\/livre\/wp-json\/wp\/v2\/pages\/133\/revisions"}],"predecessor-version":[{"id":135,"href":"https:\/\/gouvy.eu\/livre\/wp-json\/wp\/v2\/pages\/133\/revisions\/135"}],"up":[{"embeddable":true,"href":"https:\/\/gouvy.eu\/livre\/wp-json\/wp\/v2\/pages\/2"}],"wp:attachment":[{"href":"https:\/\/gouvy.eu\/livre\/wp-json\/wp\/v2\/media?parent=133"}],"curies":[{"name":"wp","href":"https:\/\/api.w.org\/{rel}","templated":true}]}}