{"id":139,"date":"2012-01-05T10:13:15","date_gmt":"2012-01-05T10:13:15","guid":{"rendered":"http:\/\/85.201.121.98\/livre\/?page_id=139"},"modified":"2014-07-29T09:19:37","modified_gmt":"2014-07-29T09:19:37","slug":"rogery","status":"publish","type":"page","link":"https:\/\/gouvy.eu\/livre\/23-villages\/rogery\/","title":{"rendered":"Rogery"},"content":{"rendered":"<p><em>203 habitants<\/em><\/p>\n<p>Des fouilles qui ont \u00e9t\u00e9 effectu\u00e9es en 1970 au lieudit \u00ab\u00a0le Rovreux\u00a0\u00bb, on peut d\u00e9duire que la r\u00e9gion de Rogery \u00e9tait d\u00e9j\u00e0 habit\u00e9e aux environs de 350 avant notre \u00e8re. De nombreux fragments d\u2019os, perles et \u00e9l\u00e9ments de bronze y ont \u00e9t\u00e9 mis \u00e0 jour.<\/p>\n<p>Au lieudit \u00ab\u00a0So les sik\u00e8yes\u00a0\u00bb, situ\u00e9 \u00e0 gauche de la route de Rogery \u00e0 Beho, on extrayait jadis de grandes quantit\u00e9s de \u00ab\u00a0sik\u00e8yes\u00a0\u00bb (pierres \u00e0 aiguiser les faux) qui se vendaient dans tout le pays.<\/p>\n<p>Rogery devint paroisse en 1839. L\u2019\u00e9glise paroissiale Saint-Eloi, \u00e9difi\u00e9e en 1834, rempla\u00e7ait une chapelle \u00e9rig\u00e9e en 1713. En 1716, elle re\u00e7ut l\u2019ancien maitre-autel de l\u2019\u00e9glise de Beho. Son mobilier est r\u00e9pertori\u00e9. Fait original dans notre r\u00e9gion, la tour \u00e0 trois niveaux, en m\u0153llons gr\u00e9seux, est termin\u00e9e par un bulbe ardois\u00e9 campanul\u00e9 couronn\u00e9 par un clocher prismatique hexagonal au bulbe lui aussi campanul\u00e9.<\/p>\n<p>Se d\u00e9tachant au centre d\u2019une fa\u00e7ade r\u00e9nov\u00e9e, la croix \u00ab\u00a0Li Scuvin\u00a0\u00bb, dat\u00e9e de 1\u2009812, soutient un christ en bois peint en blanc. Elle provient d\u2019une annexe de la maison situ\u00e9e en face.<\/p>\n<p>\u00c0 la sortie du village, en direction de Beho, une jolie chapelle comm\u00e9morative a \u00e9t\u00e9 \u00e9lev\u00e9e sous la frondaison de h\u00eatres v\u00e9n\u00e9rables, \u00e0 la m\u00e9moire des victimes des deux guerres.<\/p>\n<p>Parmi les \u00e9difices remarquables, on notera tout particuli\u00e8rement l\u2019imposante ferme Gaspard, datant de 1\u2009787, ainsi que les b\u00e2timents situ\u00e9s aux num\u00e9ros\u00a032 et 44.<\/p>\n<p>Situ\u00e9 non loin de la for\u00eat domaniale du \u00ab\u00a0Grand Bois\u00a0\u00bb, Rogery constitue un point de d\u00e9part id\u00e9al pour de longues randonn\u00e9es p\u00e9destres et \u00e9questres.<\/p>\n<p>\u00c0 quelques kilom\u00e8tres, la clairi\u00e8re am\u00e9nag\u00e9e \u00ab\u00a0So B\u00e8chef\u00e2\u00a0\u00bb accueille les amateurs de grillades et autres restaurations champ\u00eatres.<\/p>\n<h2>La myrtille<\/h2>\n<blockquote><p>Jadis recouverte de grandes \u00e9tendues de bruy\u00e8res, la for\u00eat domaniale pr\u00e9sente un sol acide et tourbeux, particuli\u00e8rement propice \u00e0 la prolif\u00e9ration des myrtillers dont les fruits font le r\u00e9gal des gourmets.<\/p>\n<p>Aujourd\u2019hui consacr\u00e9e par le folklore salmien, la petite baie noire a constitu\u00e9 pour de nombreuses familles une source de revenus compl\u00e9mentaires non n\u00e9gligeables. C\u2019est en effet d\u2019une v\u00e9ritable industrie de la myrtille que l\u2019on pouvait parler au d\u00e9but du si\u00e8cle. Ainsi, en 1925, 400\u00a0tonnes de myrtilles furent exp\u00e9di\u00e9es des trois gares de Bovigny, Longlier et Saint-Hubert\u2026 et c\u2019\u00e9tait une mauvaise ann\u00e9e\u2009! Dans les ann\u00e9es 20, monsieur Hay, de Bovigny, aurait exp\u00e9di\u00e9 une moyenne quotidienne de dix \u00e0 vingt tonnes vers l\u2019Angleterre. Quand on sait qu\u2019une famille de cueilleurs habilles pouvait r\u00e9colter jusqu\u2019\u00e0 50, voire 75\u00a0kilos de ces fruits, on imagine le nombre de personnes concern\u00e9es par cette occupation saisonni\u00e8re. Cette intense activit\u00e9 d\u00e9peuplait litt\u00e9ralement certains villages. C\u2019\u00e9taient plus particuli\u00e8rement les femmes et les enfants qui s\u2019adonnaient \u00e0 la cueillette. Ce travail des \u00e9coliers avait pris une ampleur particuli\u00e8re puisqu\u2019en 1903, un inspecteur des \u00e9coles primaires mentionnait, au chapitre de la \u00ab\u00a0fr\u00e9quentation des \u00e9coles\u00a0\u00bb\u00a0: \u00ab\u00a0une cause nouvelle et tr\u00e8s influente de l\u2019absent\u00e9isme\u00a0: la cueillette des myrtilles pour l\u2019usage industriel\u2026\u00a0\u00bb Cette occupation avait enlev\u00e9 450\u00a0\u00e9l\u00e8ves appartenant \u00e0 38\u00a0\u00e9coles des cantons scolaires de Marche et Houffalize, pour arriver \u00e0 un taux d\u2019absent\u00e9isme de 38\u00a0%.<\/p>\n<p>Les cueilleurs, femmes et enfants, se levaient avec le soleil et s\u2019en allaient bien loin \u00e0 l\u2019aventure, \u00e9vitant les bois d\u00e9j\u00e0 battus. Arm\u00e9e de \u00ab\u00a0peignes \u00e0 racler les fruits\u00a0\u00bb et suivie de charrettes charg\u00e9es de paniers, la petite troupe cueillait, en chantant \u00e0 gorge d\u00e9ploy\u00e9e. Chacun s\u2019\u00e9tait, pour la circonstance, habill\u00e9 de vieux v\u00eatements us\u00e9s, d\u00e9chir\u00e9s ou souill\u00e9s, retrouv\u00e9s au fond des coffres \u00e0 nippes. Traverser les ronciers n\u2019\u00e9tait pas une mince affaire et le fruit est r\u00e9put\u00e9 pour la \u00ab\u00a0t\u00e9nacit\u00e9\u00a0\u00bb de ses taches. Les propri\u00e9taires des bois qui auraient voulu faire respecter leurs droits sur ces fruits auraient risqu\u00e9 de passer un fort mauvais quart d\u2019heure et devaient se r\u00e9soudre \u00e0 fermer les yeux et tol\u00e9rer ces \u00ab\u00a0abus\u00a0\u00bb, comme le faisait l\u2019administration des eaux et for\u00eats pour les bois soumis au r\u00e9gime forestier.<\/p>\n<p>On cueillait toute la journ\u00e9e, sans se relever, si ce n\u2019est \u00e0 midi pour casser la croute sous un arbre. Les mains \u00e9taient noires\u2026 et les bouches aussi. Qui se serait priv\u00e9 d\u2019une poign\u00e9e de myrtilles\u2009? La cueillette se poursuivait jusqu\u2019\u00e0 bien tard. C\u2019\u00e9tait un honneur que d\u2019avoir les mannes les plus remplies. Au retour, chacun y mettait du sien pour porter les charges et, malgr\u00e9 la fatigue, ce n\u2019\u00e9tait que rires et chansons. Certains chantaient en cueillant ou en rentrant au village. Au retour, il fallait encore quatre \u00e0 cinq heures pour les nettoyer avant de les vendre au \u00ab\u00a0d\u00e9p\u00f4t\u00a0\u00bb.<\/p>\n<p>De nombreuses comptines ont \u00e9t\u00e9 cr\u00e9\u00e9es ou arrang\u00e9es pour la circonstance.<\/p>\n<p>En 1924, les myrtilles \u00e9taient pay\u00e9es 1,25 franc le kilo aux cueilleuses\u2026 Le m\u00eame kilo se vendait 8 francs 30 \u00e0 Londres.<\/p><\/blockquote>\n<p><strong>Promenade S.I. passant par le village de Rogery<\/strong><\/p>\n<blockquote>\n<ul>\n<li>N\u00b0\u00a024 10,2\u00a0km 3\u00a0h jaune bois et campagne<\/li>\n<li>N\u00ba\u00a026 9,1\u00a0km 3\u00a0h\u00a010 vert facile, campagne<\/li>\n<\/ul>\n<\/blockquote>\n<p><strong>Parcours VTT passant \u00e0 proximit\u00e9 de Rogery<\/strong><\/p>\n<blockquote>\n<ul>\n<li>N\u00ba\u00a05 24\u00a0km jaune<\/li>\n<\/ul>\n<\/blockquote>\n","protected":false},"excerpt":{"rendered":"<p>203 habitants Des fouilles qui ont \u00e9t\u00e9 effectu\u00e9es en 1970 au lieudit \u00ab\u00a0le Rovreux\u00a0\u00bb, on peut d\u00e9duire que la r\u00e9gion de Rogery \u00e9tait d\u00e9j\u00e0 habit\u00e9e aux environs de 350 avant notre \u00e8re. De nombreux fragments d\u2019os, perles et \u00e9l\u00e9ments de bronze y ont \u00e9t\u00e9 mis \u00e0 jour. Au lieudit \u00ab\u00a0So les sik\u00e8yes\u00a0\u00bb, situ\u00e9 \u00e0 gauche [&hellip;]<\/p>\n","protected":false},"author":1,"featured_media":0,"parent":2,"menu_order":22,"comment_status":"closed","ping_status":"open","template":"","meta":{"footnotes":"","_links_to":"","_links_to_target":""},"class_list":["post-139","page","type-page","status-publish","hentry"],"_links":{"self":[{"href":"https:\/\/gouvy.eu\/livre\/wp-json\/wp\/v2\/pages\/139","targetHints":{"allow":["GET"]}}],"collection":[{"href":"https:\/\/gouvy.eu\/livre\/wp-json\/wp\/v2\/pages"}],"about":[{"href":"https:\/\/gouvy.eu\/livre\/wp-json\/wp\/v2\/types\/page"}],"author":[{"embeddable":true,"href":"https:\/\/gouvy.eu\/livre\/wp-json\/wp\/v2\/users\/1"}],"replies":[{"embeddable":true,"href":"https:\/\/gouvy.eu\/livre\/wp-json\/wp\/v2\/comments?post=139"}],"version-history":[{"count":3,"href":"https:\/\/gouvy.eu\/livre\/wp-json\/wp\/v2\/pages\/139\/revisions"}],"predecessor-version":[{"id":206,"href":"https:\/\/gouvy.eu\/livre\/wp-json\/wp\/v2\/pages\/139\/revisions\/206"}],"up":[{"embeddable":true,"href":"https:\/\/gouvy.eu\/livre\/wp-json\/wp\/v2\/pages\/2"}],"wp:attachment":[{"href":"https:\/\/gouvy.eu\/livre\/wp-json\/wp\/v2\/media?parent=139"}],"curies":[{"name":"wp","href":"https:\/\/api.w.org\/{rel}","templated":true}]}}