{"id":142,"date":"2012-01-05T10:18:13","date_gmt":"2012-01-05T10:18:13","guid":{"rendered":"http:\/\/85.201.121.98\/livre\/?page_id=142"},"modified":"2015-05-06T09:26:44","modified_gmt":"2015-05-06T09:26:44","slug":"steinbach","status":"publish","type":"page","link":"https:\/\/gouvy.eu\/livre\/23-villages\/steinbach\/","title":{"rendered":"Steinbach"},"content":{"rendered":"<p><em>132 habitants<\/em><\/p>\n<p><em>\u00c9tymologie\u00a0: Tire son nom de \u00ab\u00a0Stinbay\u00a0\u00bb\u2009; nom de formation germanique, compos\u00e9 de \u00ab\u00a0Stein\u00a0\u00bb\u00a0: la pierre et de \u00ab\u00a0Baki\u00a0\u00bb\u00a0: le ruisseau.<\/em><\/p>\n<p>Ce village typiquement agricole t\u00e9moigne encore de son riche pass\u00e9 historique par la pr\u00e9sence de remarquables fermes-ch\u00e2teaux et fermes encloses remontant aux 17e et 18e si\u00e8cles et qui ont fait l\u2019objet de restaurations attentives.<\/p>\n<p>Durant de nombreuses ann\u00e9es, le village fut le si\u00e8ge de \u00ab\u00a0La Laiterie de Steinbach\u00a0\u00bb, soci\u00e9t\u00e9 coop\u00e9rative qui recueillait le lait et la cr\u00e8me dans les fermes des villages voisins\u2009; le b\u00e2timent est aujourd\u2019hui d\u00e9saffect\u00e9.<\/p>\n<p>Steinbach est sans nul doute l\u2019un des villages de l\u2019entit\u00e9 le plus riche en patrimoine de prestige, l\u2019un des fleurons de l\u2019arrondissement \u00e9tant sans conteste le ch\u00e2teau des \u00ab\u00a0de Beurth\u00e9\u00a0\u00bb. Outre ce dernier, le village peut aussi s\u2019enorgueillir de nombreuses fermes et habitations remarquables.<\/p>\n<p>Des multiples fouilles effectu\u00e9es dans la r\u00e9gion, on peut conclure que le village \u00e9tait d\u00e9j\u00e0 occup\u00e9 au troisi\u00e8me si\u00e8cle avant notre \u00e8re. Une tombe romaine mise \u00e0 jour en 1890 dans le domaine de Lih\u00e9rain en porte-t\u00e9moignage. Une importante villa romaine de type classique, situ\u00e9e \u00e0 proximit\u00e9 de la chauss\u00e9e romaine Reims &#8211; Cologne a \u00e9galement fait l\u2019objet de fouilles.<\/p>\n<p>La seigneurie de Steinbach fut achet\u00e9e en 1626 par Martin de Stimbai au roi d\u2019Espagne Philippe IV. C\u2019est le 9\u00a0f\u00e9vrier\u00a01723 que la famille \u00ab\u00a0de Beurth\u00e9\u00a0\u00bb devint propri\u00e9taire des seigneuries de Steinbach, Limerl\u00e9 et Rouvroy en l\u2019\u00e9changeant contre la seigneurie d\u2019Aspelt, propri\u00e9t\u00e9 de Charles\u00a0Joseph \u00ab\u00a0de Beurth\u00e9\u00a0\u00bb. Les \u00ab\u00a0de Beurth\u00e9\u00a0\u00bb acqui\u00e8rent alors les droits de Haute, Moyenne et Basse justice sur ces territoires et ils les conserveront jusqu\u2019\u00e0 la R\u00e9volution fran\u00e7aise.<\/p>\n<h2>Le gibet<\/h2>\n<p>Selon des documents d\u2019\u00e9poque, le gibet, \u00ab\u00a0plant\u00e9 proche d\u2019un arbre hestre, en un lieu fort \u00e9minent appel\u00e9 la B\u00e9olette\u00a0\u00bb, avait \u00e9t\u00e9 \u00e9rig\u00e9 en 1\u2009627, lors du rachat par Martin de Stimbai des droits et avoirs de Philippe IV d\u2019Espagne dans les seigneuries de Steinbach &#8211; Limerl\u00e9. Un acte de 1\u2009729 nous apprend que le gibet, alors en ruine, fut l\u2019objet d\u2019une contestation entre le seigneur du lieu et les habitants quant \u00e0 l\u2019obligation de ceux-ci de l\u2019entretenir de m\u00eame que l\u2019office du bourreau.<\/p>\n<h2>Le ch\u00e2teau \u00ab\u00a0de Beurth\u00e9\u00a0\u00bb<\/h2>\n<p>La construction initiale daterait du 17e si\u00e8cle. L\u2019actuel ch\u00e2teau est dat\u00e9 de 1\u2009766, comme en attestent les girouettes surmontant les deux tourelles, d\u00e9coup\u00e9es en forme de t\u00eates d\u2019\u00e9l\u00e9phant et ajour\u00e9es aux initiales des constructeurs. C\u2019est un vaste volume en gr\u00e8s schisteux d\u2019\u00e9poque Louis XV, pr\u00e9c\u00e9d\u00e9 d\u2019ailes agricoles et de remises modifi\u00e9es \u00e0 la fin du 19e si\u00e8cle.<\/p>\n<p>Int\u00e9rieur avec vestibule spacieux dall\u00e9 d\u2019ardoises. Salons aux proportions harmonieuses. Porte d\u2019entr\u00e9e de qualit\u00e9, de styles Louis XIV et Louis XV surmont\u00e9e d\u2019un encadrement monumental en schiste de Recht dans lequel sont sculpt\u00e9es les armes des \u00ab\u00a0de Beurth\u00e9\u00a0\u00bb.<\/p>\n<p>Situ\u00e9 au c\u0153ur du village, sur une l\u00e9g\u00e8re \u00e9minence dominant le cours d\u2019eau, le ch\u00e2teau \u00ab\u00a0de Beurth\u00e9\u00a0\u00bb b\u00e9n\u00e9ficie d\u2019un site exceptionnel. L\u2019am\u00e9nagement des jardins, c\u00f4t\u00e9 ruisseau, et des abords droits en font un monument class\u00e9 remarquable. Le b\u00e2timent est entretenu avec soin et amour par des propri\u00e9taires respectueux d\u2019un prestigieux pass\u00e9\u2009; il est g\u00e9n\u00e9ralement accessible au public lors des \u00ab\u00a0Journ\u00e9es du patrimoine\u00a0\u00bb.<\/p>\n<h2>Le ch\u00e2teau \u00ab\u00a0du Mesnil\u00a0\u00bb<\/h2>\n<p>Construit en 1686, r\u00e9nov\u00e9 en 1886 puis en 1986, l\u2019ancien ch\u00e2teau du Mesnil se pr\u00e9sente sous la forme d\u2019une imposante ferme close aux toits de cherbins. \u00c0 l\u2019arri\u00e8re du b\u00e2timent, un plan d\u2019eau a \u00e9t\u00e9 am\u00e9nag\u00e9. La ferme est toujours en activit\u00e9. La partie r\u00e9sidentielle est pr\u00e9c\u00e9d\u00e9e d\u2019un beau parc ombrag\u00e9 et entretenu avec soin et gout.<\/p>\n<h2>Constructions remarquables et autres centres d\u2019int\u00e9r\u00eat<\/h2>\n<p>Au n\u00b0\u00a09, route de Rouvroy, la \u00ab\u00a0ferme d\u2019en haut\u00a0\u00bb, importante ferme class\u00e9e datant du 18e si\u00e8cle &#8211; grange remarquable -. On peut encore y voir, au centre de la cour int\u00e9rieure, un travail destin\u00e9 \u00e0 ferrer les chevaux de trait. L\u2019exploitation agricole est aujourd\u2019hui abandonn\u00e9e.<\/p>\n<p>Au n\u00b0\u00a08, route de Rouvroy, ferme en longueur sous b\u00e2ti\u00e8re de cherbins, datant de 1\u2009829.<\/p>\n<p>Au n\u00b0\u00a04, route de Rouvroy, le b\u00e2timent de l\u2019ancienne \u00e9cole datant de 1\u2009876, recouvert d\u2019un cr\u00e9pi ocre avec arcatures de fen\u00eatres en arkose, tranche avec l\u2019architecture locale.<\/p>\n<p>Au n\u00b0\u00a027, rue du Centre, faisant face au ch\u00e2teau \u00ab\u00a0de Beurth\u00e9\u00a0\u00bb, bel ensemble agricole en ordre l\u00e2che datant du 18e si\u00e8cle, avec bergerie et \u00e9table, recouvert d\u2019enduit de chaux.<\/p>\n<p>Dans les jours les plus sombres de la derni\u00e8re guerre, les habitants du village ont implor\u00e9 la protection de la Vierge de Lourdes. Une grotte artificielle inaugur\u00e9e le 22\u00a0aout\u00a01943 a \u00e9t\u00e9 construite au bas de la localit\u00e9.<\/p>\n<p>\u00c0 remarquer \u00e9galement, quelques jolies toitures aux faites orn\u00e9s de \u00ab\u00a0lignolets\u00a0\u00bb.<\/p>\n<h2>L\u2019\u00e9glise paroissiale Saint-Paul<\/h2>\n<p>Steinbach ne devint paroisse qu\u2019en 1808. Jusqu\u2019alors, l\u2019\u00e9glise \u00e9tait desservie par des chapelains, provicaires ou vicaires d\u00e9pendants de la paroisse de Limerl\u00e9.<\/p>\n<p>L\u2019actuelle construction, r\u00e9nov\u00e9e r\u00e9cemment, date de 1\u2009904. Elle succ\u00e8de \u00e0 une chapelle signal\u00e9e en 1611, reconstruite en 1722 et restaur\u00e9e en 1865. L\u2019\u00e9glise poss\u00e8de des orgues class\u00e9es admirables, d\u2019une valeur arch\u00e9ologique et musicale de tout premier ordre. Elles sont inscrites \u00e0 la liste du \u00ab\u00a0Patrimoine Exceptionnel de la R\u00e9gion Wallonne\u00a0\u00bb. \u00c0 remarquer tout particuli\u00e8rement, ench\u00e2ss\u00e9e dans le mur du porche, la dalle armori\u00e9e de Martin\u00a0Stenbais, mort en 1633.<\/p>\n<p>Le cimeti\u00e8re de Steinbach est particuli\u00e8rement riche en anciens monuments fun\u00e9raires.<\/p>\n<h2>Le pr\u00e9 des dames<\/h2>\n<blockquote><p>\u00c0 proximit\u00e9 de Steinbach, sur la hauteur entre Rouvroy, Cetturu et Steinbach se trouvait le petit village de Saint-Martin. Non loin de l\u00e0 \u00e9tait un lieudit \u00ab\u00a0Le Pr\u00e9 des Dames\u00a0\u00bb. Les habitants vivaient paisibles et heureux \u00e0 l\u2019ombre de leur vieux clocher, lorsque des bruits de guerre jet\u00e8rent l\u2019alarme dans le pays. Bient\u00f4t, on annon\u00e7a l\u2019approche de l\u2019ennemi qui mettait tout \u00e0 feu et \u00e0 sang.<\/p>\n<p>Le bon cur\u00e9 de Saint-Martin, d\u00e9sirant soustraire les belles cloches de son \u00e9glise \u00e0 la rapacit\u00e9 des envahisseurs les descendit de la tour et les transporta jusqu\u2019\u00e0 la fontaine du \u00ab\u00a0Pr\u00e9 des Dames\u00a0\u00bb o\u00f9 il les cacha.<\/p>\n<p>Cette fontaine de mauvaise r\u00e9putation avait pour particularit\u00e9 d\u2019attirer et d\u2019engloutir les gar\u00e7onnets qui s\u2019en approchaient de trop pr\u00e8s.<\/p>\n<p>Les hordes ennemies s\u2019abattirent sur Saint-Martin et, malgr\u00e9 les supplications et les pri\u00e8res de la population, saccag\u00e8rent et brul\u00e8rent le village dont il ne reste aujourd\u2019hui que ruines. Seules les cloches du \u00ab\u00a0Pr\u00e9 des Dames\u00a0\u00bb \u00e9chapp\u00e8rent au carnage. Chaque ann\u00e9e, le jour de la Toussaint, \u00e0 minuit, \u00e0 l\u2019heure m\u00eame o\u00f9 tous ici bas prient pour les pauvres \u00e2mes du purgatoire, elles sonnent \u00e0 toute vol\u00e9e du fond de la fontaine afin que les chr\u00e9tiens charitables n\u2019oublient pas les malheureux tr\u00e9pass\u00e9s de Saint-Martin.<\/p><\/blockquote>\n<p><strong>Promenade S.I. passant par le village de\u00a0Steinbach<\/strong><\/p>\n<blockquote>\n<ul>\n<li>N\u00b0\u00a015 12\u00a0km 4\u00a0h vert vall\u00e9e, point de vue, travers\u00e9e de Limerl\u00e9, raccourci possible par la N\u00b0\u00a016<\/li>\n<li>N\u00b0\u00a017 10,5\u00a0km 3\u00a0h\u00a020 bleu facile, l\u00e9g\u00e8res mont\u00e9es, futaie, point de vue<\/li>\n<\/ul>\n<\/blockquote>\n<p><strong>Parcours VTT passant par Steinbach<\/strong><\/p>\n<blockquote>\n<ul>\n<li>N\u00ba\u00a03 37\u00a0km jaune<\/li>\n<\/ul>\n<\/blockquote>\n","protected":false},"excerpt":{"rendered":"<p>132 habitants \u00c9tymologie\u00a0: Tire son nom de \u00ab\u00a0Stinbay\u00a0\u00bb\u2009; nom de formation germanique, compos\u00e9 de \u00ab\u00a0Stein\u00a0\u00bb\u00a0: la pierre et de \u00ab\u00a0Baki\u00a0\u00bb\u00a0: le ruisseau. Ce village typiquement agricole t\u00e9moigne encore de son riche pass\u00e9 historique par la pr\u00e9sence de remarquables fermes-ch\u00e2teaux et fermes encloses remontant aux 17e et 18e si\u00e8cles et qui ont fait l\u2019objet de restaurations [&hellip;]<\/p>\n","protected":false},"author":1,"featured_media":0,"parent":2,"menu_order":23,"comment_status":"closed","ping_status":"open","template":"","meta":{"footnotes":"","_links_to":"","_links_to_target":""},"class_list":["post-142","page","type-page","status-publish","hentry"],"_links":{"self":[{"href":"https:\/\/gouvy.eu\/livre\/wp-json\/wp\/v2\/pages\/142","targetHints":{"allow":["GET"]}}],"collection":[{"href":"https:\/\/gouvy.eu\/livre\/wp-json\/wp\/v2\/pages"}],"about":[{"href":"https:\/\/gouvy.eu\/livre\/wp-json\/wp\/v2\/types\/page"}],"author":[{"embeddable":true,"href":"https:\/\/gouvy.eu\/livre\/wp-json\/wp\/v2\/users\/1"}],"replies":[{"embeddable":true,"href":"https:\/\/gouvy.eu\/livre\/wp-json\/wp\/v2\/comments?post=142"}],"version-history":[{"count":2,"href":"https:\/\/gouvy.eu\/livre\/wp-json\/wp\/v2\/pages\/142\/revisions"}],"predecessor-version":[{"id":279,"href":"https:\/\/gouvy.eu\/livre\/wp-json\/wp\/v2\/pages\/142\/revisions\/279"}],"up":[{"embeddable":true,"href":"https:\/\/gouvy.eu\/livre\/wp-json\/wp\/v2\/pages\/2"}],"wp:attachment":[{"href":"https:\/\/gouvy.eu\/livre\/wp-json\/wp\/v2\/media?parent=142"}],"curies":[{"name":"wp","href":"https:\/\/api.w.org\/{rel}","templated":true}]}}