{"id":144,"date":"2012-01-05T10:20:52","date_gmt":"2012-01-05T10:20:52","guid":{"rendered":"http:\/\/85.201.121.98\/livre\/?page_id=144"},"modified":"2014-07-29T09:21:45","modified_gmt":"2014-07-29T09:21:45","slug":"sterpigny","status":"publish","type":"page","link":"https:\/\/gouvy.eu\/livre\/23-villages\/sterpigny\/","title":{"rendered":"Sterpigny"},"content":{"rendered":"<p><em>196 habitants<\/em><\/p>\n<p><em>\u00c9tymologie\u00a0: Viendrait de la germanisation du Bas Latin \u00ab\u00a0ex sterpignacum\u00a0\u00bb, signifiant essart. (Selon Carnoy)<\/em><\/p>\n<p>Le joli village &#8211; rue de Sterpigny, qui s\u2019\u00e9tire le long de la route Houffalize &#8211; Gouvy s\u00e9duit surtout par la masse imposante de son remarquable ch\u00e2teau &#8211; ferme.<\/p>\n<h2>Le ch\u00e2teau &#8211; ferme \u00ab\u00a0Caprasse\u00a0\u00bb<\/h2>\n<p>B\u00e2ti sur l\u2019emplacement d\u2019un ch\u00e2teau dont les constructions premi\u00e8res remonteraient \u00e0 la plus haute antiquit\u00e9, il daterait de la bataille livr\u00e9e au lieudit \u00ab\u00a0Steinemann\u00a0\u00bb, aux environs de la fronti\u00e8re luxembourgeoise (voir Deiffelt). En fait, on ignore la date exacte de la construction de ce ch\u00e2teau. Sur la face arri\u00e8re du logis \u00ab\u00a0pseudo 18e si\u00e8cle\u00a0\u00bb, on peut lire le mill\u00e9sime incomplet \u00ab\u00a0\u2026 67\u00a0\u00bb, ainsi que les mill\u00e9simes\u00a01717 et 1723.<\/p>\n<p>Deux remarquables girouettes surmontent la toiture. Elles sont ajour\u00e9es au monogramme M.V.D. suivi de la date\u00a01606, l\u2019une en forme d\u2019\u00e9crevisse, sur la tourelle Nord -Ouest, et l\u2019autre en forme de sir\u00e8ne. Une chapelle \u00e9tait autrefois int\u00e9gr\u00e9e \u00e0 l\u2019ensemble. Le prince-\u00e9v\u00eaque de Li\u00e8ge y autorisa la c\u00e9l\u00e9bration des offices dans un document de 1\u2009729.<\/p>\n<p>De source non confirm\u00e9e, l\u2019encadrement de la porte d\u2019entr\u00e9e du ch\u00e2teau, ainsi que l\u2019entourage de la taque de chemin\u00e9e sont faits en petit poudingue\u2009; ces pierres proviendraient de l\u2019ancien ch\u00e2teau de Gouvy situ\u00e9, selon la tradition orale, au nord du presbyt\u00e8re.<\/p>\n<p>Lors de fouilles effectu\u00e9es sous le b\u00e2timent, d\u2019importants vestiges, sans doute romains, ont \u00e9t\u00e9 d\u00e9couverts. \u00c0 une profondeur de 2,5\u00a0m sous la surface actuelle, les restes d\u2019une forge ont \u00e9t\u00e9 mis \u00e0 jour. La d\u00e9couverte, au lieudit \u00ab\u00a0divant Sint-P\u00eere H\u00e9\u00a0\u00bb, de monnaies d\u2019or \u00e0 l\u2019effigie de Tib\u00e8re (14 &#8211; 37 de notre \u00e8re) atteste, en effet, d\u2019une occupation romaine. \u00c0 cet endroit, on a retrouv\u00e9 un camp romain parfaitement circonscrit et dont les foss\u00e9s sont aujourd\u2019hui encore apparents. La l\u00e9gende pr\u00e9tend qu\u2019Attila y avait \u00e9tabli son campement.<\/p>\n<p>Le ch\u00e2teau fut autrefois habit\u00e9 par des moines fran\u00e7ais chass\u00e9s par la R\u00e9volution fran\u00e7aise de 1\u2009789. On associe parfois \u00e0 l\u2019histoire du ch\u00e2teau le nom du duc de Choiseul qui y aurait s\u00e9journ\u00e9.<\/p>\n<h2>L\u2019\u00e9glise paroissiale de N-D. de l\u2019Immacul\u00e9e Conception<\/h2>\n<p>Cet \u00e9difice a probablement \u00e9t\u00e9 construit en partie en 1840. Il est devenu \u00e9glise paroissiale en 1842. En 1861, on reconstruisit la fa\u00e7ade et la tour puis on y adjoignit la sacristie. La restauration fut effectu\u00e9e en 1950, six ans apr\u00e8s l\u2019offensive Von Rundstedt de d\u00e9cembre\u00a01944. C\u2019est une construction en m\u0153llons de calcaire jadis blanchis.<\/p>\n<p>\u00c0 la sortie du village, au carrefour avec la route qui m\u00e8ne \u00e0 Rettigny, blottie dans les arbres, se trouve une petite chapelle du 19e si\u00e8cle appel\u00e9e chapelle Saint-Donat. Elle est en m\u0153llons schisteux.<\/p>\n<h2>Le Jazz Club de la Madelone<\/h2>\n<p>Le long de la route r\u00e9gionale, en direction de Gouvy, la ferme de \u00ab\u00a0la Madelone\u00a0\u00bb est devenue un v\u00e9ritable temple du Jazz et du Blues, de r\u00e9putation internationale.<\/p>\n<p>Depuis plus de dix ans, dans le courant du mois d\u2019aout, les vieux murs de la ferme r\u00e9sonnent, devant un public connaisseur, des accords des plus grands musiciens de Jazz du Monde. Depuis peu, ce festival s\u2019est doubl\u00e9 d\u2019une manifestation consacr\u00e9e au Blues.<\/p>\n<p>Durant toute l\u2019ann\u00e9e, le club accueille, dans une ancienne grange admirablement remise en \u00e9tat et d\u00e9cor\u00e9e de mille-et-un objets usuels du bon vieux temps, une foule de musiciens et d\u2019amateurs passionn\u00e9s par la musique.<\/p>\n<p>Fait exceptionnel, c\u2019est de son vivant qu\u2019une st\u00e8le fut dress\u00e9e dans le parc jouxtant la fermette en hommage au c\u00e9l\u00e8bre saxophoniste belge de r\u00e9putation internationale Jacques\u00a0Pelzer, qui fut l\u2019un des initiateurs des premiers festivals de jazz de Gouvy et l\u2019un de ses grands animateurs. R\u00e9cemment, un bronze \u00e0 l\u2019effigie de Hein Van de Gijn a \u00e9t\u00e9 inaugur\u00e9.<\/p>\n<h2>On \u00ab\u00a0Tch\u00e8sse li v\u00e8che\u00fb\u00a0\u00bb<\/h2>\n<p>Dans le patois local, \u00ab\u00a0li v\u00e8che\u00fb\u00a0\u00bb, c\u2019est le putois, petit animal nocturne qui a la triste r\u00e9putation de visiter les poulaillers. Autrefois pratiqu\u00e9e \u00e0 Sterpigny, \u00e0 Mont Le Ban ainsi que dans d\u2019autres localit\u00e9s de la commune, la \u00ab\u00a0chasse au putois\u00a0\u00bb se d\u00e9roulait le mardi qui cl\u00f4ture les festivit\u00e9s de la kermesse locale.<\/p>\n<p>Un jeune homme du village, g\u00e9n\u00e9ralement assez coureur de jupons, \u00e0 l\u2019instar de l\u2019animal qu\u2019il symbolise et qui est r\u00e9put\u00e9 fin amateur de \u00ab\u00a0poules\u00a0\u00bb, \u00e9tait choisi par \u00ab\u00a0la jeunesse\u00a0\u00bb et rev\u00eatu de vieux v\u00eatements et affubl\u00e9 d\u2019une longue queue. Un petit cort\u00e8ge se formait alors, pr\u00e9c\u00e9d\u00e9 du \u00ab\u00a0v\u00e8che\u00fb\u00a0\u00bb, chass\u00e9 par la petite troupe arm\u00e9e de baguettes de noisetier. Le petit groupe parcourait les rues et ruelles du hameau pour y d\u00e9busquer les jeunes filles qui se cachaient, puis, plus ou moins contraintes, se joignaient \u00e0 la troupe\u2009; les plus r\u00e9calcitrantes \u00e9tant chahut\u00e9es comme il se doit. Petit \u00e0 petit, la ronde s\u2019organisait et grossissait, les jeunes gens sautaient, dansaient et chantaient de bon c\u0153ur cramignons et autres chansons entrainantes.<\/p>\n<p>\u00c0 chaque estaminet ou petit caf\u00e9, la farandole s\u2019arr\u00eatait pour souffler, mais surtout pour boire une petite goutte de \u00ab\u00a0p\u00e9ket\u00a0\u00bb et se rafraichir la gorge. Sur le pas de leur porte, de nombreux habitants attendaient la joyeuse \u00e9quip\u00e9e, un cruchon de cassis ou de \u00ab\u00a0Vieux Faneur\u00a0\u00bb \u00e0 la main. Le cort\u00e8ge continuait ainsi sa promenade jusqu\u2019\u00e0 la sortie du village pour rejoindre la \u00ab\u00a0salle communale\u00a0\u00bb o\u00f9, aux accords de l\u2019harmonie locale ou plus simplement au son d\u2019un accord\u00e9on et d\u2019un harmonica, de lanciers en mazurkas, de maclottes en autres sarabandes, un bal populaire cl\u00f4turait les festivit\u00e9s locales.<\/p>\n<p>Dans certaines localit\u00e9s, \u00ab\u00a0le v\u00e8che\u00fb\u00a0\u00bb, habill\u00e9 de couleurs vives et un grand panier \u00e0 la main, accompagn\u00e9 de sa troupe de chasseurs, passait de maison en maison pour y r\u00e9colter, ici des oeufs ou du jambon, l\u00e0 du saucisson ou du lard, l\u00e0 encore de la tarte au sucre ou du cramique\u2026 Une fois la tourn\u00e9e du village termin\u00e9e, la \u00ab\u00a0jeunesse\u00a0\u00bb organisait un bal populaire o\u00f9 l\u2019on d\u00e9gustait, \u00e0 grand renfort de geni\u00e8vre, un repas pr\u00e9par\u00e9 avec les victuailles r\u00e9colt\u00e9es au cours de la journ\u00e9e.<\/p>\n<p>Quant \u00e0 l\u2019expression \u00ab\u00a0Tch\u00e8ssi li V\u00e8che\u00fb\u00a0\u00bb, elle proviendrait de l\u2019analogie qui existe entre la troupe des chasseurs qui visitent les terriers dans lesquels le putois est sens\u00e9 se r\u00e9fugier durant la journ\u00e9e et la jeunesse du village allant qu\u00eater, de maison en maison, les victuailles et boissons qui lui permettront de cl\u00f4turer joyeusement les festivit\u00e9s annuelles.<\/p>\n<p><strong>Promenades S.I. passant par Sterpigny<\/strong><\/p>\n<blockquote>\n<ul>\n<li>N\u00b0\u00a020 13,9\u00a0km 4\u00a0h bleu tr\u00e8s sauvage, Cherain, vall\u00e9e de l\u2019Ourthe<\/li>\n<\/ul>\n<\/blockquote>\n<p><strong>Parcours VTT passant par Sterpigny<\/strong><\/p>\n<blockquote>\n<ul>\n<li>N\u00ba\u00a02 23\u00a0km vert<\/li>\n<\/ul>\n<\/blockquote>\n","protected":false},"excerpt":{"rendered":"<p>196 habitants \u00c9tymologie\u00a0: Viendrait de la germanisation du Bas Latin \u00ab\u00a0ex sterpignacum\u00a0\u00bb, signifiant essart. (Selon Carnoy) Le joli village &#8211; rue de Sterpigny, qui s\u2019\u00e9tire le long de la route Houffalize &#8211; Gouvy s\u00e9duit surtout par la masse imposante de son remarquable ch\u00e2teau &#8211; ferme. Le ch\u00e2teau &#8211; ferme \u00ab\u00a0Caprasse\u00a0\u00bb B\u00e2ti sur l\u2019emplacement d\u2019un ch\u00e2teau [&hellip;]<\/p>\n","protected":false},"author":1,"featured_media":0,"parent":2,"menu_order":24,"comment_status":"closed","ping_status":"open","template":"","meta":{"footnotes":"","_links_to":"","_links_to_target":""},"class_list":["post-144","page","type-page","status-publish","hentry"],"_links":{"self":[{"href":"https:\/\/gouvy.eu\/livre\/wp-json\/wp\/v2\/pages\/144","targetHints":{"allow":["GET"]}}],"collection":[{"href":"https:\/\/gouvy.eu\/livre\/wp-json\/wp\/v2\/pages"}],"about":[{"href":"https:\/\/gouvy.eu\/livre\/wp-json\/wp\/v2\/types\/page"}],"author":[{"embeddable":true,"href":"https:\/\/gouvy.eu\/livre\/wp-json\/wp\/v2\/users\/1"}],"replies":[{"embeddable":true,"href":"https:\/\/gouvy.eu\/livre\/wp-json\/wp\/v2\/comments?post=144"}],"version-history":[{"count":3,"href":"https:\/\/gouvy.eu\/livre\/wp-json\/wp\/v2\/pages\/144\/revisions"}],"predecessor-version":[{"id":209,"href":"https:\/\/gouvy.eu\/livre\/wp-json\/wp\/v2\/pages\/144\/revisions\/209"}],"up":[{"embeddable":true,"href":"https:\/\/gouvy.eu\/livre\/wp-json\/wp\/v2\/pages\/2"}],"wp:attachment":[{"href":"https:\/\/gouvy.eu\/livre\/wp-json\/wp\/v2\/media?parent=144"}],"curies":[{"name":"wp","href":"https:\/\/api.w.org\/{rel}","templated":true}]}}