{"id":149,"date":"2012-01-05T10:24:10","date_gmt":"2012-01-05T10:24:10","guid":{"rendered":"http:\/\/85.201.121.98\/livre\/?page_id=149"},"modified":"2014-07-29T09:22:53","modified_gmt":"2014-07-29T09:22:53","slug":"wathermal","status":"publish","type":"page","link":"https:\/\/gouvy.eu\/livre\/23-villages\/wathermal\/","title":{"rendered":"Wathermal"},"content":{"rendered":"<p><em>114 habitants<\/em><\/p>\n<p>\u00c0 l\u2019est de Gouvy, le long de la fronti\u00e8re grand-ducale, le joli petit village de Wathermal \u00e9tire ses vieilles b\u00e2tisses dans un site agreste et accident\u00e9, rehauss\u00e9 par le volume robuste et fier de la tour romane de la chapelle Saints Hubert et Antoine.<\/p>\n<p>Wathermal est cit\u00e9e comme villa royale dans des documents du 9e si\u00e8cle. La tradition rapporte qu\u2019un ch\u00e2teau aurait exist\u00e9 au lieudit \u00ab\u00a0Grafen Garten\u00a0\u00bb &#8211; le jardin du comte -.<\/p>\n<p>Situ\u00e9 \u00e0 une altitude moyenne de 480\u00a0m et dominant la vall\u00e9e de l\u2019Ourthe, le village de Wathermal offre des points de vue particuli\u00e8rement int\u00e9ressants sur la r\u00e9gion et les villages environnants.<\/p>\n<p>\u00ab\u00a0Les Amis de Wathermal\u00a0\u00bb, groupement local particuli\u00e8rement dynamique, a largement contribu\u00e9 tant \u00e0 l\u2019embellissement qu\u2019\u00e0 la r\u00e9novation de la localit\u00e9. De nombreuses fermettes anciennes ont \u00e9t\u00e9 transform\u00e9es avec bonheur en tr\u00e8s belles r\u00e9sidences secondaires, sans perdre pour autant leur caract\u00e8re typique. Durant la p\u00e9riode estivale, le village se pare des couleurs chatoyantes de sa d\u00e9coration florale.<\/p>\n<p>Chaque ann\u00e9e, au c\u0153ur de l\u2019\u00e9t\u00e9, la \u00ab\u00a0F\u00eate de la Truite\u00a0\u00bb attire des centaines d\u2019amateurs de poissons grill\u00e9s de qualit\u00e9 dans une atmosph\u00e8re joyeuse et gaillarde.<\/p>\n<h2>Nuit d\u2019orage\u2026<\/h2>\n<p>Selon la l\u00e9gende, un comte de Salm, chassant dans la r\u00e9gion en compagnie d\u2019autres seigneurs du voisinage, s\u2019\u00e9loigna de ses gens et s\u2019\u00e9gara dans la for\u00eat avoisinante. Surpris par la nuit, il essuya un violent orage. Alors qu\u2019il s\u2019abritait sous un arbre, la foudre s\u2019abattit sur lui sans toutefois l\u2019atteindre mortellement. Voyant en cela un signe de la cl\u00e9mence divine, il fit le v\u0153u de b\u00e2tir \u00e0 cet endroit une chapelle d\u00e9di\u00e9e \u00e0 saint Donat. Cette premi\u00e8re chapelle serait \u00e0 l\u2019origine de l\u2019actuel b\u00e2timent.<\/p>\n<h2>Chapelle Saints Hubert et Antoine<\/h2>\n<p>Situ\u00e9e sur un \u00e9peron rocheux, la tour de la chapelle est parfois consid\u00e9r\u00e9e comme datant de l\u2019\u00e9poque romane. Ses murs atteignent \u00e0 certains endroits plus de 1 min 50 s d\u2019\u00e9paisseur et sont perc\u00e9s de deux meurtri\u00e8res.<\/p>\n<p>Le corps de la chapelle dans son \u00e9tat actuel remonte au 18e si\u00e8cle. Elle a \u00e9t\u00e9 consacr\u00e9e en 1769. Le mobilier, r\u00e9pertori\u00e9, comprend entre autres un aigle &#8211; lutrin du 17e si\u00e8cle ainsi qu\u2019un tabernacle provenant de Beho et fabriqu\u00e9 durant la R\u00e9volution fran\u00e7aise. Les cloches de la chapelle, mill\u00e9sim\u00e9es de 1\u2009369, t\u00e9moignent de l\u2019anciennet\u00e9 du b\u00e2timent.<\/p>\n<p>L\u2019\u00e9difice fut s\u00e9rieusement endommag\u00e9 lors du dernier conflit mondial. Apr\u00e8s bien des vicissitudes et tracasseries administratives, le b\u00e2timent class\u00e9 retrouve aujourd\u2019hui une nouvelle jeunesse. Si l\u2019attente fut tr\u00e8s longue, le r\u00e9sultat de cette r\u00e9novation n\u2019en est que plus remarquable\u2009; les vitraux, dont les couleurs reprennent \u00e0 la perfection les teintes originales, sont l\u2019exemple m\u00eame d\u2019une restauration exceptionnelle.<\/p>\n<p>Curieusement, le clocher est inclin\u00e9 en direction des vents dominants, de mani\u00e8re \u00e0 offrir une meilleure r\u00e9sistance \u00e0 ces derniers. Cette particularit\u00e9 porte \u00e0 croire que l\u2019auteur des plans de l\u2019\u00e9glise de Wathermal serait le m\u00eame que celui de l\u2019\u00e9glise de Beho qui pr\u00e9sente la m\u00eame caract\u00e9ristique.<\/p>\n<h2>Le cimeti\u00e8re<\/h2>\n<p>\u00c0 l\u2019entr\u00e9e du cimeti\u00e8re entourant l\u2019\u00e9glise, on d\u00e9couvre le couvercle tumulaire, en dos d\u2019\u00e2ne, d\u2019une tombe chr\u00e9tienne du Moyen-\u00e2ge. Ce couvercle marqu\u00e9 d\u2019une simple croix presque effac\u00e9e ne recouvrait pas la t\u00eate du d\u00e9funt. Les tombes de ce genre furent employ\u00e9es durant toute la p\u00e9riode romane et jusqu\u2019au 14e si\u00e8cle, pour les s\u00e9pultures non apparentes. Elles sont extr\u00eamement rares en Belgique. Un deuxi\u00e8me exemplaire, cit\u00e9 en 1888, a aujourd\u2019hui disparu.<\/p>\n<p>Outre une pierre tombale armori\u00e9e portant la date de 1\u2009652, le cimeti\u00e8re renferme nombre de dalles et de petites st\u00e8les en schiste bleu.<\/p>\n<h2>Au d\u00e9tour des chemins\u2026<\/h2>\n<p>Adoss\u00e9e \u00e0 une maison (n\u00b0\u00a04), au carrefour de Wathermal, une croix en pierre peinte pos\u00e9e sur un socle chasse-roue porte la date de 1\u2009775. Une jolie petite chapelle orn\u00e9e d\u2019exvoto lui fait face.<\/p>\n<p>Sur une partie de son trac\u00e9, le chemin qui traverse le village en direction de Gouvy fait office de fronti\u00e8re avec le Grand-Duch\u00e9 de Luxembourg. \u00c7\u00e0 et l\u00e0, le promeneur pourra d\u00e9couvrir les imposantes bornes fronti\u00e8re belgo-luxembourgeoises, en fonte, armori\u00e9es aux embl\u00e8mes des deux pays.<\/p>\n<p><strong>Promenades S.I. passant par le village de Wathermal<\/strong><\/p>\n<blockquote>\n<ul>\n<li>N\u00b0\u00a06 6,9\u00a0km 2\u00a0h bleu point de vue, vue sur le village<\/li>\n<li>N\u00ba\u00a013 6,6\u00a0km 2\u00a0h\u00a030 vert vue sur village, chapelle, point de vue, liaison avec Troisvierges<\/li>\n<\/ul>\n<\/blockquote>\n<p><strong>Parcours VTT passant \u00e0 proximit\u00e9 de Wathermal<\/strong><\/p>\n<blockquote>\n<ul>\n<li>N\u00ba\u00a05 24\u00a0km jaune<\/li>\n<\/ul>\n<\/blockquote>\n","protected":false},"excerpt":{"rendered":"<p>114 habitants \u00c0 l\u2019est de Gouvy, le long de la fronti\u00e8re grand-ducale, le joli petit village de Wathermal \u00e9tire ses vieilles b\u00e2tisses dans un site agreste et accident\u00e9, rehauss\u00e9 par le volume robuste et fier de la tour romane de la chapelle Saints Hubert et Antoine. Wathermal est cit\u00e9e comme villa royale dans des documents [&hellip;]<\/p>\n","protected":false},"author":1,"featured_media":0,"parent":2,"menu_order":26,"comment_status":"closed","ping_status":"open","template":"","meta":{"footnotes":"","_links_to":"","_links_to_target":""},"class_list":["post-149","page","type-page","status-publish","hentry"],"_links":{"self":[{"href":"https:\/\/gouvy.eu\/livre\/wp-json\/wp\/v2\/pages\/149","targetHints":{"allow":["GET"]}}],"collection":[{"href":"https:\/\/gouvy.eu\/livre\/wp-json\/wp\/v2\/pages"}],"about":[{"href":"https:\/\/gouvy.eu\/livre\/wp-json\/wp\/v2\/types\/page"}],"author":[{"embeddable":true,"href":"https:\/\/gouvy.eu\/livre\/wp-json\/wp\/v2\/users\/1"}],"replies":[{"embeddable":true,"href":"https:\/\/gouvy.eu\/livre\/wp-json\/wp\/v2\/comments?post=149"}],"version-history":[{"count":3,"href":"https:\/\/gouvy.eu\/livre\/wp-json\/wp\/v2\/pages\/149\/revisions"}],"predecessor-version":[{"id":213,"href":"https:\/\/gouvy.eu\/livre\/wp-json\/wp\/v2\/pages\/149\/revisions\/213"}],"up":[{"embeddable":true,"href":"https:\/\/gouvy.eu\/livre\/wp-json\/wp\/v2\/pages\/2"}],"wp:attachment":[{"href":"https:\/\/gouvy.eu\/livre\/wp-json\/wp\/v2\/media?parent=149"}],"curies":[{"name":"wp","href":"https:\/\/api.w.org\/{rel}","templated":true}]}}