{"id":15,"date":"2012-01-04T08:58:59","date_gmt":"2012-01-04T08:58:59","guid":{"rendered":"http:\/\/85.201.121.98\/livre\/?page_id=15"},"modified":"2012-01-05T06:48:25","modified_gmt":"2012-01-05T06:48:25","slug":"baclain","status":"publish","type":"page","link":"https:\/\/gouvy.eu\/livre\/23-villages\/baclain\/","title":{"rendered":"Baclain"},"content":{"rendered":"<p><em>Nombre d\u2019habitants\u00a0: 123.<\/em><\/p>\n<p><em>Si son \u00e9tymologie n\u2019est pas romaine, Baclain pourrait venir de l\u2019ancien fran\u00e7ais \u00ab\u00a0bave\u00a0\u00bb qui signifie \u00ab\u00a0poutre\u00a0\u00bb.<\/em><\/p>\n<p>Situ\u00e9 en pleine campagne, autrefois \u00e0 l\u2019\u00e9cart de toute route importante, le c\u0153ur du petit village de Baclain renferme encore de nombreux t\u00e9moignages de son pass\u00e9 essentiellement agricole. On y d\u00e9couvrira avec plaisir de jolies fermettes, amoureusement remises en \u00e9tat par des propri\u00e9taires soigneux et respectueux du pass\u00e9.<\/p>\n<p>Il en est ainsi de la jolie fontaine art\u00e9sienne, qui alimente un petit bac de schiste bleu, constituant un bel ensemble r\u00e9cemment restaur\u00e9.<\/p>\n<p>\u00c0 la sortie du village, en direction de Sterpigny, la maison Haz\u00e9e se distingue par le linteau de la porte de son fournil, dat\u00e9 de 1\u2009809. Le pavement en blocs de gr\u00e8s de la cour int\u00e9rieure pr\u00e9sente de jolis motifs r\u00e9guliers. Diverses pierres tombales r\u00e9cup\u00e9r\u00e9es de l\u2019ancien cimeti\u00e8re pavent la cour\u2009; un fragment sculpt\u00e9 repr\u00e9sentant saint Hubert, provenant du monument fun\u00e9raire du \u00ab\u00a0Grand Lambert\u00a0\u00bb (Grand chasseur de la r\u00e9gion mort vers 1900), est ench\u00e2ss\u00e9 dans le mur de cl\u00f4ture. Non loin de l\u00e0, dans la m\u00eame direction, une jolie chapelle mariale, recouverte de stuc de marbre rouge avec porche avanc\u00e9, dat\u00e9e de 1\u2009935, se blottit \u00e0 l\u2019abri d\u2019un joli groupement de h\u00eatres majestueux.<\/p>\n<p>L\u2019\u00e9glise paroissiale Saint-Urbain, de style n\u00e9ogothique, succ\u00e9dant \u00e0 une premi\u00e8re chapelle inaugur\u00e9e le 8\u00a0novembre\u00a01797, puis \u00e0 une \u00e9glise construite en 1857, fut \u00e9difi\u00e9e en m\u0153llons de gr\u00e8s en 1924 &#8211; 26 et r\u00e9par\u00e9e en 1954 apr\u00e8s l\u2019offensive Von Rundstedt.<\/p>\n<p>C\u2019est dans les for\u00eats profondes qui s\u00e9parent Baclain du village de Langlire que les r\u00e9sistants de l\u2019arm\u00e9e secr\u00e8te avaient \u00e9tabli l\u2019un de leurs quartiers g\u00e9n\u00e9raux. Sur la place du village, un monument comm\u00e9moratif en l\u2019honneur des victimes de la derni\u00e8re guerre a \u00e9t\u00e9 r\u00e9cemment \u00e9difi\u00e9.<\/p>\n<p>Perch\u00e9e sur une petite \u00e9minence, le long du chemin menant \u00e0 Cherain, au lieudit \u00ab\u00a0Croix de la Wazalle\u00a0\u00bb, la chapelle \u00ab\u00a0Notre-Dame de Lourdes\u00a0\u00bb, de plan carr\u00e9, en m\u0153llons blanchis, sous toiture de cherbins, date du 18e si\u00e8cle. Tout \u00e0 c\u00f4t\u00e9, une jolie fermette typique, basse, trapue et allong\u00e9e domine l\u2019entr\u00e9e du village depuis 1701.<\/p>\n<p><strong>Le Massotai de Baclain.<\/strong><\/p>\n<blockquote><p><strong><\/strong>Vers 1850, dans une mis\u00e9rable chaumi\u00e8re, au lieudit \u00ab\u00a0La Faliche\u00a0\u00bb, au bord du petit ruisseau du W\u00e9 de Halleux, vivait une famille de lutins appel\u00e9s \u00ab\u00a0Les Massotais\u00a0\u00bb, peuple de gens de petite taille dont on conserve encore un souvenir vivace dans le pays. De retour d\u2019une promenade en for\u00eat, le petit Colinot surprit la fille cadette de Maitre Gobelin, le plus riche fermier du village, qui se baignait nue dans les eaux claires de \u00ab\u00a0la mare aux f\u00e9es\u00a0\u00bb. \u00c0 dater de ce jour, le c\u0153ur du petit farfadet ne battit plus que pour la jeune et jolie paysanne.<\/p>\n<p>Les saisons pass\u00e8rent sans que son amour secret ne diminue. Aussi prit-il la d\u00e9cision de lui rendre visite en vue de faire sa connaissance. Par un beau jour d\u2019\u00e9t\u00e9, il se pr\u00e9senta devant la somptueuse maison de maitre Gobelin, bravant sa peur du vieux fermier pour les doux yeux de sa dulcin\u00e9e.<\/p>\n<p>Les lutins, c\u2019est bien connu, sont un peu sorciers. \u00c0 chacune de ses visites, Colinot ne manquait jamais d\u2019apporter un ou plusieurs \u00e9pis de bl\u00e9, des \u00e9pis d\u2019or, des \u00e9pis qui apportaient bonheur et richesse. Ainsi en fut-il durant quelques ann\u00e9es. Les \u00e9pis d\u2019or s\u2019amoncelaient chez maitre Gobelin qui supportait de plus en plus difficilement la pr\u00e9sence journali\u00e8re de Colinot et le regard int\u00e9ress\u00e9 que ce dernier portait sur sa fille cadette.<\/p>\n<p>Un soir, le vieux fermier s\u2019en alla consulter Rachel, la vieille berg\u00e8re qui demeurait au fond de la for\u00eat. Les berg\u00e8res, en terre d\u2019Ardenne, connaissent maints et maints sorts et rem\u00e8des, dit-on. Sur les conseils de cette derni\u00e8re, Maitre Gobelin disposa des coquilles d\u2019\u0153ufs remplies de divers mets dans les braises de l\u2019\u00e2tre avant l\u2019arriv\u00e9e du Massotais. Devant cette allusion \u00e0 sa petite taille, Colinot fut pris d\u2019une col\u00e8re folle et s\u2019\u00e9cria \u00ab\u00a0je vois que ma pr\u00e9sence ne vous agr\u00e9e gu\u00e8re, aussi je m\u2019en vais, mais souvenez-vous que votre fortune vous est venue \u00e9pi par \u00e9pi\u2009;\u2026 Votre malheur viendra par gerbes\u00a0\u00bb. Quelques jours plus tard, le feu d\u00e9truisit granges et \u00e9curies et se propagea au corps de logis. Une \u00e9pid\u00e9mie ravagea le troupeau et, en peu de temps, le vieux fermier fut ruin\u00e9. On le vit quitter le village en compagnie de sa jeune fille. Colinot retourna dans sa famille, nul ne le revit plus. D\u2019aucuns pr\u00e9tendent qu\u2019il v\u00e9cut seul de longues ann\u00e9es encore, et que la nuit il revenait fr\u00e9quemment sur les lieux de ses amours d\u00e9\u00e7ues.<\/p>\n<p>Il y a cinquante ans \u00e0 peine, dit-on, vivait encore \u00e0 Baclain une famille de savetiers dont la taille n\u2019exc\u00e9dait pas un m\u00e8tre vingt\u2026<\/p><\/blockquote>\n<p>&nbsp;<\/p>\n<p><strong>Promenades S.I. passant par Baclain\u00a0:<\/strong><\/p>\n<blockquote>\n<ul>\n<li>N\u00b0\u00a027 10,2\u00a0km 3\u00a0h jaune bois et campagne<\/li>\n<li>N\u00b0\u00a028 8,6\u00a0km 3\u00a0h rouge facile, point de vue sur Cherain<\/li>\n<\/ul>\n<\/blockquote>\n<p><strong>Parcours VTT passant \u00e0 proximit\u00e9 de Baclain\u00a0:<\/strong><\/p>\n<blockquote>\n<ul>\n<li>N\u00ba\u00a03 37\u00a0km jaune<\/li>\n<\/ul>\n<\/blockquote>\n","protected":false},"excerpt":{"rendered":"<p>Nombre d\u2019habitants\u00a0: 123. Si son \u00e9tymologie n\u2019est pas romaine, Baclain pourrait venir de l\u2019ancien fran\u00e7ais \u00ab\u00a0bave\u00a0\u00bb qui signifie \u00ab\u00a0poutre\u00a0\u00bb. Situ\u00e9 en pleine campagne, autrefois \u00e0 l\u2019\u00e9cart de toute route importante, le c\u0153ur du petit village de Baclain renferme encore de nombreux t\u00e9moignages de son pass\u00e9 essentiellement agricole. On y d\u00e9couvrira avec plaisir de jolies fermettes, [&hellip;]<\/p>\n","protected":false},"author":1,"featured_media":0,"parent":2,"menu_order":0,"comment_status":"closed","ping_status":"open","template":"","meta":{"footnotes":"","_links_to":"","_links_to_target":""},"class_list":["post-15","page","type-page","status-publish","hentry"],"_links":{"self":[{"href":"https:\/\/gouvy.eu\/livre\/wp-json\/wp\/v2\/pages\/15","targetHints":{"allow":["GET"]}}],"collection":[{"href":"https:\/\/gouvy.eu\/livre\/wp-json\/wp\/v2\/pages"}],"about":[{"href":"https:\/\/gouvy.eu\/livre\/wp-json\/wp\/v2\/types\/page"}],"author":[{"embeddable":true,"href":"https:\/\/gouvy.eu\/livre\/wp-json\/wp\/v2\/users\/1"}],"replies":[{"embeddable":true,"href":"https:\/\/gouvy.eu\/livre\/wp-json\/wp\/v2\/comments?post=15"}],"version-history":[{"count":10,"href":"https:\/\/gouvy.eu\/livre\/wp-json\/wp\/v2\/pages\/15\/revisions"}],"predecessor-version":[{"id":85,"href":"https:\/\/gouvy.eu\/livre\/wp-json\/wp\/v2\/pages\/15\/revisions\/85"}],"up":[{"embeddable":true,"href":"https:\/\/gouvy.eu\/livre\/wp-json\/wp\/v2\/pages\/2"}],"wp:attachment":[{"href":"https:\/\/gouvy.eu\/livre\/wp-json\/wp\/v2\/media?parent=15"}],"curies":[{"name":"wp","href":"https:\/\/api.w.org\/{rel}","templated":true}]}}