{"id":151,"date":"2012-01-05T10:26:02","date_gmt":"2012-01-05T10:26:02","guid":{"rendered":"http:\/\/85.201.121.98\/livre\/?page_id=151"},"modified":"2012-01-05T10:26:02","modified_gmt":"2012-01-05T10:26:02","slug":"villages-disparus","status":"publish","type":"page","link":"https:\/\/gouvy.eu\/livre\/23-villages\/villages-disparus\/","title":{"rendered":"Villages disparus"},"content":{"rendered":"<p>De nombreux lieux dits sont le t\u00e9moignage de l\u2019existence de villages aujourd\u2019hui disparus\u2009; soit \u00e0 la suite d\u2019\u00e9pid\u00e9mies de peste, soit en raison des batailles et des guerres qui ont ravag\u00e9 nos contr\u00e9es au fil des si\u00e8cles.<\/p>\n<ul>\n<li>Bellevaux (entre Courtil et Saint-Martin)<\/li>\n<li>Bouchon (hameau situ\u00e9 \u00e0 Sterpigny, le long de la route Cherain Bovigny)<\/li>\n<li>Bourcy et Paradis (entre Courtil et Saint-Martin)<\/li>\n<li>Doyard et Walo (dans la vall\u00e9e entourant le Mont Saint-Martin)<\/li>\n<li>Garsi (entre Montleban et Baclain)<\/li>\n<li>Glain (pr\u00e8s de Saint-Martin)<\/li>\n<li>Harci (entre Montleban et Baclain)<\/li>\n<li>Hastape (entre Gouvy et Bovigny)<\/li>\n<li>Isporci (entre Montleban et Sommerain ou Bihain\u2009?)<\/li>\n<li>Juvigny ( )<\/li>\n<li>La Fwe (pr\u00e8s de Sterpigny)<\/li>\n<li>Lamerl\u00e9 (entre Beho et Rogery)<\/li>\n<li>Morth (entre Beho et Deiffelt)<\/li>\n<li>Outrimont et Pumont (entre Ourthe et Bovigny)<\/li>\n<li>Saint-Martin (entre Beho et Bovigny)<\/li>\n<li>Salle (\u00e0 l\u2019ouest de Cherain)<\/li>\n<li>Tiesche Rouveroy (entre Steinbach et Cetturu)<\/li>\n<li>Brousse le Fatz (entre Montleban et Langlire)<\/li>\n<\/ul>\n","protected":false},"excerpt":{"rendered":"<p>De nombreux lieux dits sont le t\u00e9moignage de l\u2019existence de villages aujourd\u2019hui disparus\u2009; soit \u00e0 la suite d\u2019\u00e9pid\u00e9mies de peste, soit en raison des batailles et des guerres qui ont ravag\u00e9 nos contr\u00e9es au fil des si\u00e8cles. Bellevaux (entre Courtil et Saint-Martin) Bouchon (hameau situ\u00e9 \u00e0 Sterpigny, le long de la route Cherain Bovigny) Bourcy [&hellip;]<\/p>\n","protected":false},"author":1,"featured_media":0,"parent":2,"menu_order":27,"comment_status":"closed","ping_status":"open","template":"","meta":{"footnotes":"","_links_to":"","_links_to_target":""},"class_list":["post-151","page","type-page","status-publish","hentry"],"_links":{"self":[{"href":"https:\/\/gouvy.eu\/livre\/wp-json\/wp\/v2\/pages\/151","targetHints":{"allow":["GET"]}}],"collection":[{"href":"https:\/\/gouvy.eu\/livre\/wp-json\/wp\/v2\/pages"}],"about":[{"href":"https:\/\/gouvy.eu\/livre\/wp-json\/wp\/v2\/types\/page"}],"author":[{"embeddable":true,"href":"https:\/\/gouvy.eu\/livre\/wp-json\/wp\/v2\/users\/1"}],"replies":[{"embeddable":true,"href":"https:\/\/gouvy.eu\/livre\/wp-json\/wp\/v2\/comments?post=151"}],"version-history":[{"count":2,"href":"https:\/\/gouvy.eu\/livre\/wp-json\/wp\/v2\/pages\/151\/revisions"}],"predecessor-version":[{"id":153,"href":"https:\/\/gouvy.eu\/livre\/wp-json\/wp\/v2\/pages\/151\/revisions\/153"}],"up":[{"embeddable":true,"href":"https:\/\/gouvy.eu\/livre\/wp-json\/wp\/v2\/pages\/2"}],"wp:attachment":[{"href":"https:\/\/gouvy.eu\/livre\/wp-json\/wp\/v2\/media?parent=151"}],"curies":[{"name":"wp","href":"https:\/\/api.w.org\/{rel}","templated":true}]}}