{"id":18,"date":"2012-01-04T10:57:46","date_gmt":"2012-01-04T10:57:46","guid":{"rendered":"http:\/\/85.201.121.98\/livre\/?page_id=18"},"modified":"2014-07-29T08:59:44","modified_gmt":"2014-07-29T08:59:44","slug":"beho","status":"publish","type":"page","link":"https:\/\/gouvy.eu\/livre\/23-villages\/beho\/","title":{"rendered":"Beho"},"content":{"rendered":"<p><em>329 habitants.<\/em><\/p>\n<p><em>Beho, que l\u2019on retrouve au cours des temps sous divers toponymes, viendrait du mot Allemand Buchenholtz qui signifie \u00ab\u00a0bois de h\u00eatre\u00a0\u00bb.<\/em><\/p>\n<p>Camp\u00e9 sur les Hauts plateaux ardennais, \u00e0 plus de 500\u00a0m\u00e8tres d\u2019altitude, \u00e0 la pointe extr\u00eame Est de la Commune de Gouvy, le village de Beho se dresse plut\u00f4t \u00e0 l\u2019\u00e9cart des grands courants touristiques. Il faut le d\u00e9nicher pour en faire la connaissance, mais quel plaisir de le d\u00e9couvrir au d\u00e9tour du chemin. Beho se fait tr\u00e8s discret depuis que ne se d\u00e9roulent plus les p\u00e8lerinages d\u2019antan, qui drainaient la r\u00e9gion tout enti\u00e8re. Son accueil demeure simple et charmant.<\/p>\n<p>Le village de Beho conserve des b\u00e2timents des 18 et 19es si\u00e8cles, mais son centre d\u2019int\u00e9r\u00eat principal est sans nul doute l\u2019\u00e9glise Saint-Pierre, \u00e9difice remarquable par sa fl\u00e8che \u00e9lanc\u00e9e, son mobilier et ses peintures polychromes.<\/p>\n<h2>L\u2019\u00e9glise Saint-Pierre<\/h2>\n<p>Monument class\u00e9.<\/p>\n<p>L\u2019imposante tour carr\u00e9e a \u00e9t\u00e9 b\u00e2tie apr\u00e8s la premi\u00e8re croisade, vers l\u2019an 1100. La tradition locale affirme que celle-ci remonterait \u00e0 une \u00e9poque beaucoup plus ancienne que la nef. Sous la fl\u00e8che \u00e9lanc\u00e9e de section octogonale sur base carr\u00e9e, la robuste tour occidentale en m\u0153llons blanchis est \u00e9vas\u00e9e jusqu\u2019\u00e0 sa galerie de circulation. Cette derni\u00e8re est bord\u00e9e d\u2019une balustrade et interrompue par une bret\u00e8che en bois en encorbellement sur des consoles en mascaron, le tout servant \u00e0 pr\u00e9senter les reliques \u00e0 la foule. La loggia et la toiture prot\u00e9geant la galerie ext\u00e9rieure sont recouvertes d\u2019ardoises naturelles. Les poutres de sout\u00e8nement de l\u2019ensemble sont orn\u00e9es de figures grima\u00e7antes et mena\u00e7antes.<\/p>\n<p>Selon une bulle sign\u00e9e par le pape Jean XXII en Avignon, il existait d\u00e9j\u00e0 une \u00e9glise Saint-Pierre \u00e0 Beho en 1326. Mena\u00e7ant ruine en 1712, il fut d\u00e9cid\u00e9 de reconstruire la nef au m\u00eame emplacement en r\u00e9utilisant les mat\u00e9riaux d\u2019origine. Cette date est grav\u00e9e au-dessus de la porte d\u2019entr\u00e9e du sanctuaire ainsi que, croit-on, les armoiries des comtes de Salm. Bien malin qui le certifiera, car, \u00e0 la fin du 18e si\u00e8cle, elles ont \u00e9t\u00e9 martel\u00e9es et rendues presque ind\u00e9chiffrables par les sans-culottes fran\u00e7ais.<\/p>\n<p>Les pi\u00e8ces principales du mobilier ont \u00e9t\u00e9 sculpt\u00e9es en bois de ch\u00eane de 1\u2009713 \u00e0 1\u2009724 par Ma\u00eetre Jean Georges Scholtus de Bastogne. Du mobilier de l\u2019ancienne \u00e9glise, il ne reste qu\u2019une pi\u00e8ta, c\u2019est-\u00e0-dire une statue de la Vierge Douloureuse.<\/p>\n<p>La polychromie est due \u00e0 Louis Marie Londot, de Namur, apr\u00e8s l\u2019incendie de 1\u2009954 et \u00e0 l\u2019architecte Maurice\u00a0Robert, de Gouvy, auteur du projet de r\u00e9novation.<\/p>\n<p>Cette restauration fut commenc\u00e9e le 10\u00a0janvier\u00a01955 pour se terminer le 1er\u00a0mai\u00a01956.<\/p>\n<p>La chaire de v\u00e9rit\u00e9, conserv\u00e9e telle qu\u2019elle est sortie des mains de Jean\u00a0Scholtus, est orn\u00e9e des visages des quatre \u00e9vang\u00e9listes, tandis que l\u2019abat-voix est surmont\u00e9 par une statuette de saint Michel terrassant le d\u00e9mon.<\/p>\n<p>Ench\u00e2ss\u00e9es dans les 20\u00a0oculus qui ornent la ch\u00e2sse du Tr\u00e9sor, les \u00ab\u00a0saintes reliques\u00a0\u00bb comprendraient divers ossements, cheveux et \u00e9l\u00e9ments de v\u00eatements de saints et martyrs de la religion chr\u00e9tienne.<\/p>\n<p>Le cimeti\u00e8re qui entoure l\u2019\u00e9difice renferme les dalles fun\u00e9raires des anciennes familles de Beho dont certaines remontent \u00e0 1\u2009638 et 1\u2009672.<\/p>\n<p>D\u2019apr\u00e8s une tradition, les reliques de l\u2019\u00e9glise ont \u00e9t\u00e9 donn\u00e9es par un comte de Salm revenant de la croisade et dont le nom serait Herman de Salm. Le coffre aux reliques (ou ch\u00e2ssis) a \u00e9t\u00e9 construit au d\u00e9but du 18e si\u00e8cle, \u00e9galement par Ma\u00eetre Scholtus. \u00c0 l\u2019heure actuelle, on trouve expos\u00e9es trois reliques\u00a0: une parcelle de la \u00ab\u00a0Croix de Notre Seigneur\u00a0\u00bb, une relique de saint Pierre et une autre de Saint-Laurent. Les peintures polychromes ont \u00e9t\u00e9 rafraichies en 1956.<\/p>\n<h2>Jean\u00a0Scholtus, maitre sculpteur<\/h2>\n<p>L\u00e0 o\u00f9 l\u2019Ardenne coule vers le Rhin, elle recueille aussi une train\u00e9e d\u2019influences qui la marqueront plus profond\u00e9ment. En respectant la sobri\u00e9t\u00e9 ext\u00e9rieure des b\u00e2timents, toujours de mise, c\u2019est une v\u00e9ritable architecture qu\u2019un homme, Jean-Georges\u00a0Scholtus, \u00ab\u00a0Maitre sculpteur de la ville de Bastogne\u00a0\u00bb, va mettre en mouvement dans l\u2019envahissement du d\u00e9cor. Toute surface nue semble le g\u00eaner, l\u2019amenant parfois \u00e0 cr\u00e9er des univers qui, bien que toujours remarquablement \u00e9quilibr\u00e9s, nous paraissent aujourd\u2019hui surcharg\u00e9s.<\/p>\n<p>On ne sait pas au juste o\u00f9 il est n\u00e9, vers 1680, au Grand-Duch\u00e9 sans doute, o\u00f9 le nom \u00e9tait connu d\u00e8s le 16e si\u00e8cle. On ignore \u00e9galement o\u00f9 il s\u2019est form\u00e9. On sait qu\u2019il habite Bastogne o\u00f9 il poss\u00e8de un atelier en 1708. On constate aussi que l\u2019autel de Munshausen, \u0153uvre de Jean\u00a0Toussaint de Bastogne, dat\u00e9 de 1\u2009705 est d\u00e9j\u00e0 dans la mani\u00e8re qui sera celle de Scholtus.<\/p>\n<p>Sa renomm\u00e9e d\u00e9bordera son Ardenne natale, puisqu\u2019il fournira en Gaume les autels d\u2019Etalle ainsi que la chaire de Fisenne.<\/p>\n<p>Il meurt en 1754, apr\u00e8s avoir fourni avec son atelier familial du mobilier divers pour maisons, ch\u00e2teaux et \u00e9glises, dans un rayon de 20\u00a0km.<\/p>\n<h2>Herman II de Salm, comte b\u00e2tisseur<\/h2>\n<p>Selon la tradition locale, l\u2019origine de l\u2019\u00e9glise Saint-Pierre serait \u00e0 attribuer \u00e0 Herman II, comte de Salm.<\/p>\n<p>Au retour de la premi\u00e8re croisade, charg\u00e9 des saintes reliques, il re\u00e7ut un signe du ciel qui ne pouvait supporter contradiction. Alors que le comte s\u2019appr\u00eatait \u00e0 franchir le Glain, aux alentours de ce qui allait devenir Beho, sa monture refusa de franchir l\u2019obstacle, pourtant un simple ru \u00e0 cet endroit.<\/p>\n<p>Col\u00e8re et menaces n\u2019entrain\u00e8rent que rebuffades de la b\u00eate, au point que le noble Herman en fut presque d\u00e9sar\u00e7onn\u00e9.<\/p>\n<p>Pour un cheval qui revenait d\u2019un long p\u00e9riple en Palestine, un pareil caprice ne pouvait \u00eatre naturel. Le bagage sacr\u00e9 qui revenait de J\u00e9rusalem n\u2019irait pas plus loin. Herman d\u00e9cida donc d\u2019\u00e9riger une chapelle pour y d\u00e9poser et v\u00e9n\u00e9rer ses reliques orientales\u2009; la premi\u00e8re \u00e9glise de Beho \u00e9tait n\u00e9e.<\/p>\n<p>Une promenade \u00e0 pied dans les ruelles voisinant l\u2019\u00e9glise et le cimeti\u00e8re s\u2019impose. Le village comporte encore de nombreuses maisons anciennes aux fen\u00eatres basses et aux toitures couvertes de cherbins.<\/p>\n<h2>Ancienne ligne de chemin de fer<\/h2>\n<p>L\u2019amoureux de la nature parcourra avec plaisir, de Beho \u00e0 Gouvy et de Beho \u00e0 Maldingen, l\u2019ancienne ligne de chemin de fer \u00ab\u00a0Gouvy &#8211; Saint-Vith\u00a0\u00bb. Cette derni\u00e8re fut construite \u00e0 l\u2019initiative de l\u2019arm\u00e9e allemande durant la Premi\u00e8re Guerre mondiale dans le but de relier les bassins industriels de la Ruhr et de l\u2019est de la France. Elle fut r\u00e9alis\u00e9e essentiellement par des prisonniers russes et servit \u00e0 acheminer le mat\u00e9riel militaire \u00e0 destination des troupes allemandes qui combattaient \u00e0 Verdun. Apr\u00e8s la guerre\u00a040-45, son trac\u00e9 fut interrompu \u00e0 hauteur de Saint-Vith et seule la section Gouvy &#8211; Lommersweiler resta en activit\u00e9 jusqu\u2019en 1\u2009958. On notera la pr\u00e9sence des vestiges de quelques viaducs ferroviaires d\u00e9truits au d\u00e9but de la Seconde Guerre mondiale, ainsi que de nombreuses casemates fortifi\u00e9es de part et d\u2019autre de la voie. De nombreux ouvrages semblables sont diss\u00e9min\u00e9s \u00e7\u00e0 et l\u00e0 sur le territoire de la commune.<\/p>\n<h2>La chauss\u00e9e romaine Reims-Cologne<\/h2>\n<p>Celle-ci traversait l\u2019ancienne commune de Beho. Venant de Limerl\u00e9 apr\u00e8s avoir travers\u00e9 le territoire grand-ducal, elle rentrait en Belgique au lieudit \u00ab\u00a0Gribon\u00a0\u00bb, traversait Deiffelt et longeait l\u2019ancienne fronti\u00e8re de la Prusse. De nombreuses bornes aux armes de l\u2019ancien empire prussien sont encore visibles de nos jours. \u00c0 ce sujet, nous vous conseillons la lecture du fascicule \u00ab\u00a0En suivant les Bornes\u00a0\u00bb (voir ci-apr\u00e8s).<\/p>\n<h2>Le Glain<\/h2>\n<p>Ce ruisseau prend sa source aux alentours de la ferme de Lamerl\u00e9 et forme non loin de l\u00e0 les \u00e9tangs dits \u00ab\u00a0des Concessions\u00a0\u00bb. Il arrose Saint-Martin, ensuite Cierreux \u00e0 la sortie duquel il re\u00e7oit les eaux de la Ronce, puis Salm-ch\u00e2teau et Vielsalm. Il se jette dans l\u2019Ambl\u00e8ve \u00e0 Trois-Ponts. Contrairement \u00e0 une id\u00e9e re\u00e7ue, c\u2019est donc bien le Glain qui passe sous les ponts de Vielsalm et forme l\u2019\u00e9tang des Doyards. Glain est un nom d\u2019origine celtique \u00e9voquant la puret\u00e9 et la limpidit\u00e9 de l\u2019eau. Cette appellation est vieille de plus de deux-mille ans. Nom v\u00e9n\u00e9rable que celui de Glain\u2009; nom que le temps a failli effacer et qui aujourd\u2019hui est encore galvaud\u00e9, car la rumeur publique donne \u00e0 cette rivi\u00e8re le nom de \u00ab\u00a0Salm\u00a0\u00bb \u00e0 son entr\u00e9e dans le village de Salm-Ch\u00e2teau. \u00c0 l\u2019origine de cette erreur, on trouve les cartographes qui, au si\u00e8cle dernier, dressent la carte de notre r\u00e9gion. (En r\u00e9alit\u00e9, la Salm, petit cours d\u2019eau qui prend sa source \u00e0 Blanche\u00a0Fontaine, non loin de Petit Thier, se jette dans le Glain au bas de l\u2019\u00e9glise de Vielsalm.)<\/p>\n<p>Sise sur une l\u00e9g\u00e8re \u00e9minence, \u00e0 l\u2019\u00e9cart du village, l\u2019imposante ferme de \u00ab\u00a0Maison Neuve\u00a0\u00bb se pr\u00e9sente comme un ensemble complexe de b\u00e2timents en m\u0153llons blanchis. L\u2019entr\u00e9e du logis, en retrait, porte sur son linteau le mill\u00e9sime grav\u00e9 17+75. Une croix grandeur nature \u00e9rig\u00e9e en 1804 par Jacob\u00a0Peiffer et Marian Starck en orne la fa\u00e7ade. Elle a \u00e9t\u00e9 r\u00e9cemment r\u00e9nov\u00e9e et m\u00e9riterait d\u2019\u00eatre \u00ab\u00a0repolychrom\u00e9e\u00a0\u00bb. Ce crucifix porte tous les instruments de la passion du Christ\u00a0: le cadran d\u2019horloge marquant 3\u00a0heures, un phylact\u00e8re portant l\u2019abr\u00e9viation \u00ab\u00a0INRI\u00a0\u00bb, un calice comm\u00e9moratif de la derni\u00e8re C\u00e8ne, un \u00ab\u00a0c\u0153ur ardent\u00a0\u00bb, les mains et les pieds stigmatis\u00e9s, les instruments de la passion.<\/p>\n<p>Au n\u00b0\u00a047, La Maison Schaus, perpendiculaire \u00e0 la voirie, porte le mill\u00e9sim\u00e9 grav\u00e9 1\u2009777 \/IHS au-dessus des trois clous de la passion.<\/p>\n<p>Les maisons ci-apr\u00e8s m\u00e9ritent \u00e9galement le d\u00e9tour\u00a0: n\u00b0\u00a057, 58, 63, 66, 67, 72 et 73.<\/p>\n<p>L\u2019\u00e9cole, qui date de 1\u2009870, a \u00e9t\u00e9 restaur\u00e9e avec bonheur en 1986.<\/p>\n<p><strong>Promenades S.I. passant par le village de Beho\u00a0:<\/strong><\/p>\n<blockquote>\n<ul>\n<li>N\u00b0\u00a014 10,3\u00a0km 3\u00a0h jaune Campagne<\/li>\n<li>N\u00b0\u00a031 8,5\u00a0km 3\u00a0h rouge Calvaire<\/li>\n<li>N\u00b0\u00a032 4,1\u00a0km 1\u00a0h\u00a030 bleu Calvaire, campagne<\/li>\n<\/ul>\n<\/blockquote>\n<p><strong>Parcours VTT passant \u00e0 proximit\u00e9 de Beho\u00a0:<\/strong><\/p>\n<blockquote>\n<ul>\n<li>N\u00ba\u00a05 24\u00a0km jaune<\/li>\n<\/ul>\n<\/blockquote>\n<p><strong>\u00c0 consulter\u00a0:<\/strong><\/p>\n<blockquote>\n<ul>\n<li>Beho, l\u2019\u00e9glise la plus myst\u00e9rieuse des Ardennes.<\/li>\n<li>\u00ab\u00a0En suivant les bornes\u00a0: parcours de Maison Neuve \u00e0 Deiffelt\u00a0\u00bb (Jean de Bruyne, \u00e9dit\u00e9 par le I.D. Gouvy, A.S.B.L. \u00a9 Gouvy, d\u00e9cembre\u00a01994).<\/li>\n<\/ul>\n<\/blockquote>\n<h1><\/h1>\n<h2>Les Concessions<\/h2>\n<p>Remarquable propri\u00e9t\u00e9 de chasse \u00e0 courre constitu\u00e9e le 18\u00a0septembre\u00a01851 lors de la vente d\u2019une \u00ab\u00a0concession\u00a0\u00bb par la commune de Bovigny. L\u2019ensemble est form\u00e9 d\u2019un important domaine bois\u00e9 de 313\u00a0hectares comprenant un ch\u00e2teau r\u00e9sidentiel, une \u00ab\u00a0maison de garde\u00a0\u00bb, une ferme (100 hectares), une chapelle et de vastes \u00e9tangs (13 ha) aliment\u00e9s par le Glain, dont l\u2019un est \u00e9quip\u00e9 d\u2019un embarcad\u00e8re couvert et d\u2019une \u00e9chelle \u00e0 poissons visible de la route.<\/p>\n<p>En date du 26\u00a0septembre\u00a01851, le Conseil Communal, dument convoqu\u00e9 et r\u00e9uni au complet, a approuv\u00e9 par 5\u00a0voix contre 2 la vente d\u2019un domaine de 260\u00a0hectares pour la somme de 24.999 francs et 35 centimes \u00e0 une association nobiliaire comprenant notamment les comtes Corn\u00e9lissen et de Berlaymont. Au d\u00e9but du 20e si\u00e8cle, le domaine a \u00e9t\u00e9 acquis par le prince Karadja, diplomate roumain en mission \u00e0 Bruxelles de 1\u2009905 \u00e0 1\u2009918, qui entreprit la construction du ch\u00e2teau proprement dit. Selon la tradition locale, le prince Karadja, adepte des sciences occultes, invitait dans son ch\u00e2teau Brahmanes et Radjas indiens. Apr\u00e8s sa mort, il fut enseveli dans la chapelle du domaine, o\u00f9 se trouvent encore ses armoiries.<\/p>\n<p>D\u2019importants travaux sont \u00e9galement r\u00e9alis\u00e9s entre les deux guerres par le nouvel acqu\u00e9reur, Odon\u00a0Warland (Gouvion c\u00e9l\u00e8bre, n\u00e9gociant en tabacs et fondateur de la marque \u00ab\u00a0Boule Nationale\u00a0\u00bb).<\/p>\n<p>Le ch\u00e2teau, de style \u00e9clectique, dans la tradition \u00ab\u00a0N\u00e9o\u00a0\u00bb, pr\u00e9sente des volumes arrondis aux angles par deux tours ainsi qu\u2019une fa\u00e7ade en pignon, greff\u00e9e d\u2019un avant-corps \u00e0 trois pans, n\u00e9orenaissance, avec un large balcon pr\u00e9c\u00e9d\u00e9 d\u2019un perron bas am\u00e9nag\u00e9 en vaste terrasse.<\/p>\n<p>Inoccup\u00e9 depuis de nombreuses ann\u00e9es, le ch\u00e2teau a \u00e9t\u00e9 \u00e0 maintes reprises la proie des vandales. Le domaine ne se visite pas, mais l\u2019\u00e9difice est visible depuis la route Beho &#8211; Bovigny, non loin de Saint-Martin. La propri\u00e9t\u00e9 des Concessions connait en fait le sort de bien des orgueilleuses demeures \u00e9rig\u00e9es sous L\u00e9opold II dans nos r\u00e9gions, ne survivant que le temps de deux ou trois g\u00e9n\u00e9rations \u00e0 leurs ambitieux constructeurs.<\/p>\n<p>Les Concessions m\u00e9riteraient sans nul doute rachat et conservation par les pouvoirs publics, ne serait-ce qu\u2019en raison de leur int\u00e9r\u00eat environnemental. Le long du Glain et des \u00e9tangs qu\u2019il traverse ou qu\u2019il a engendr\u00e9s, la faune et la flore ont pris des formes rares, voire inconnues ailleurs en Ardenne. Ainsi, \u00e0 l\u2019automne, des centaines de sarcelles, fuligules milouins et morillons, canards colverts, souchets ou siffleurs, y font une halte sur le chemin de leurs migrations. Les h\u00e9rons cendr\u00e9s y sont nombreux et il n\u2019est pas rare d\u2019y observer un grand cormoran ou un superbe balbuzard p\u00eacheur, v\u00e9ritable aigle des eaux douces.<\/p>\n<p>Dans ces eaux calmes et limpides, d\u2019une qualit\u00e9 exceptionnelle, truites, brochets, tanches et bouvi\u00e8res se c\u00f4toient. On y rencontre aussi l\u2019anodonte des cygnes, grosse moule d\u2019eau douce, esp\u00e8ce unique en Ardenne, ainsi que d\u2019exceptionnelles colonies d\u2019\u00e9ponges d\u2019eaux douces.<\/p>\n<p>C\u2019est dans le domaine des concessions que se trouvaient la villa carolingienne de Glain et le moulin banal de Juvigny, aujourd\u2019hui disparus.<\/p>\n<h2>Cloches perles\u2026<\/h2>\n<p>\u00c0 la suite de leur victoire le 6\u00a0novembre\u00a01792 \u00e0 Jemappe, les troupes r\u00e9volutionnaires fran\u00e7aises occup\u00e8rent notre r\u00e9gion, qui fut int\u00e9gr\u00e9e \u00e0 la France par un d\u00e9cret de la Convention dat\u00e9 du 1er\u00a0octobre\u00a01795, ou \u00ab\u00a0plus pr\u00e9cis\u00e9ment\u00a0\u00bb, du 9\u00a0Vend\u00e9miaire de l\u2019an III.<\/p>\n<p>Cens\u00e9s apporter aux populations libert\u00e9s et bienfaits, les Fran\u00e7ais ne laiss\u00e8rent en fait que de mauvais souvenirs, et, rapidement, une fronde s\u2019organisa en vue de s\u2019opposer au dict\u00e2t des nouveaux habitants.<\/p>\n<p>S\u2019\u00e9tant par ailleurs fait remarquer dans toutes les autres contr\u00e9es de notre pays par leur hargne vis-\u00e0-vis du clerg\u00e9, ruinant maints et maints \u00e9difices religieux, abbayes, monast\u00e8res\u2026, les sans-culottes tent\u00e8rent d\u2019imposer leur loi dans nos Ardennes, o\u00f9 la pratique religieuse \u00e9tait particuli\u00e8rement vive.<\/p>\n<p>Ainsi, dans le courant de l\u2019\u00e9t\u00e9\u00a01796, un diff\u00e9rend naquit entre les nouvelles autorit\u00e9s et le cur\u00e9 de Salm quant \u00e0 la tenue des registres paroissiaux\u2009; le cur\u00e9 Pierre-Barth\u00e9l\u00e9my utilisant encore le calendrier gr\u00e9gorien et non le calendrier r\u00e9publicain dans la r\u00e9daction de ses \u00e9crits.<\/p>\n<p>Rapidement, le conflit prit de l\u2019ampleur\u2009; la majeure partie des membres du clerg\u00e9 refusant de pr\u00eater le serment de haine\u00a0: \u00ab\u00a0Je jure haine \u00e0 la Royaut\u00e9 et \u00e0 l\u2019anarchie, attachement et fid\u00e9lit\u00e9 \u00e0 la R\u00e9publique et \u00e0 la Constitution\u00a0\u00bb. Il s\u2019ensuivit une proscription g\u00e9n\u00e9rale des pr\u00eatres r\u00e9fractaires, puis la prohibition de la plupart des signes religieux. Ainsi, le 5\u00a0flor\u00e9al de l\u2019an VI (24\u00a0avril\u00a01798), le commissaire Damseaux enjoignait aux autorit\u00e9s communales de Vielsalm le strict respect de la loi du 7\u00a0Vend\u00e9miaire de l\u2019an VI, \u00e0 savoir la suppression, dans les d\u00e9lais les plus brefs, de tout signe ext\u00e9rieur du culte, tels que croix sur les cimeti\u00e8res, sur les cloches et les \u00e9difices publics. Il rappelait en outre que\u00a0: \u00ab\u00a0tout individu qui, au m\u00e9pris de la loi du 3 vent\u00f4se de l\u2019an III, ferait une proclamation ou une convocation publique, soit au son des cloches, soit de toute autre mani\u00e8re, pour inviter les concitoyens \u00e0 l\u2019exercice d\u2019un culte quelconque, sera puni d\u2019un emprisonnement qui pourra aller de trente jours \u00e0 une ann\u00e9e. Les ministres du Culte qui feraient ou provoqueraient pareille convocation, seraient quant \u00e0 eux punis d\u2019une ann\u00e9e d\u2019emprisonnement, et, en cas de r\u00e9cidive, seraient condamn\u00e9s \u00e0 la d\u00e9portation\u00a0\u00bb. Enfin, il exige le pesage et l\u2019enl\u00e8vement des cloches dans les \u00e9glises des pr\u00eatres r\u00e9fractaires.<\/p>\n<p>Ainsi fut fait le 2\u00a0pluvi\u00f4se de l\u2019an VII (19\u00a0f\u00e9vrier\u00a01799), date \u00e0 partir de laquelle seules les \u00e9glises non r\u00e9fractaires purent encore servir de lieu de culte.<\/p>\n<p>\u00c0 la suite de cet ordre ex\u00e9cutoire, les cloches des \u00e9glises des paroisses non-signataires furent d\u00e9pendues de leurs clochers et envoy\u00e9es \u00e0 Malm\u00e9dy. C\u2019est ainsi que Courtil livra une cloche de 160\u00a0livres\u2009; Halconreux, une de 30\u00a0livres\u2009; Cierreux, une de 30\u00a0livres\u2009; Rogery, une de 160\u00a0livres\u2009; Beho, une de 700\u00a0livres\u2009; Bovigny, une de 300\u00a0livres.<\/p>\n<p>Vers\u00a01801, certaines paroisses purent racheter les cloches non d\u00e9truites contre monnaie sonnante et tr\u00e9buchante. C\u2019est ainsi que, par exemple, Rogery racheta sa cloche pour la somme de 24\u00a0couronnes.<\/p>\n","protected":false},"excerpt":{"rendered":"<p>329 habitants. Beho, que l\u2019on retrouve au cours des temps sous divers toponymes, viendrait du mot Allemand Buchenholtz qui signifie \u00ab\u00a0bois de h\u00eatre\u00a0\u00bb. Camp\u00e9 sur les Hauts plateaux ardennais, \u00e0 plus de 500\u00a0m\u00e8tres d\u2019altitude, \u00e0 la pointe extr\u00eame Est de la Commune de Gouvy, le village de Beho se dresse plut\u00f4t \u00e0 l\u2019\u00e9cart des grands [&hellip;]<\/p>\n","protected":false},"author":1,"featured_media":0,"parent":2,"menu_order":2,"comment_status":"closed","ping_status":"open","template":"","meta":{"footnotes":"","_links_to":"","_links_to_target":""},"class_list":["post-18","page","type-page","status-publish","hentry"],"_links":{"self":[{"href":"https:\/\/gouvy.eu\/livre\/wp-json\/wp\/v2\/pages\/18","targetHints":{"allow":["GET"]}}],"collection":[{"href":"https:\/\/gouvy.eu\/livre\/wp-json\/wp\/v2\/pages"}],"about":[{"href":"https:\/\/gouvy.eu\/livre\/wp-json\/wp\/v2\/types\/page"}],"author":[{"embeddable":true,"href":"https:\/\/gouvy.eu\/livre\/wp-json\/wp\/v2\/users\/1"}],"replies":[{"embeddable":true,"href":"https:\/\/gouvy.eu\/livre\/wp-json\/wp\/v2\/comments?post=18"}],"version-history":[{"count":10,"href":"https:\/\/gouvy.eu\/livre\/wp-json\/wp\/v2\/pages\/18\/revisions"}],"predecessor-version":[{"id":180,"href":"https:\/\/gouvy.eu\/livre\/wp-json\/wp\/v2\/pages\/18\/revisions\/180"}],"up":[{"embeddable":true,"href":"https:\/\/gouvy.eu\/livre\/wp-json\/wp\/v2\/pages\/2"}],"wp:attachment":[{"href":"https:\/\/gouvy.eu\/livre\/wp-json\/wp\/v2\/media?parent=18"}],"curies":[{"name":"wp","href":"https:\/\/api.w.org\/{rel}","templated":true}]}}