{"id":235,"date":"2014-07-31T08:36:09","date_gmt":"2014-07-31T08:36:09","guid":{"rendered":"http:\/\/gouvy.eu\/livre\/?page_id=235"},"modified":"2015-04-09T19:47:08","modified_gmt":"2015-04-09T19:47:08","slug":"23-villages-a-decouvrir","status":"publish","type":"page","link":"https:\/\/gouvy.eu\/livre\/","title":{"rendered":"23 villages \u00e0 d\u00e9couvrir"},"content":{"rendered":"<h2>Gouvy<\/h2>\n<h2>Au c\u0153ur de la Haute Ardenne\u2026<\/h2>\n<p>Situ\u00e9s \u00e0 la pointe extr\u00eame &#8211; nord du Grand Duch\u00e9 de Luxembourg, les 23\u00a0villages et hameaux de la Commune de Gouvy vous accueillent dans un \u00e9crin de verdure, de for\u00eats et de rivi\u00e8res aux eaux limpides.<\/p>\n<p>Pour les amoureux de la nature, Gouvy est l\u2019une des communes du pays les plus riches en r\u00e9serves naturelles, puisque pas moins de onze r\u00e9serves des R.N.O.B (R\u00e9serves Naturelles et Ornithologiques de Belgique) sont situ\u00e9es sur son territoire, couvrant une superficie totale de 40\u00a0hectares. Leur grand int\u00e9r\u00eat ornithologique est mis en \u00e9vidence par la pr\u00e9sence de la fauvette, du pipit des arbres et de la farlouse, de diverses esp\u00e8ces de m\u00e9sanges, du bruant jaune et du bruant des roseaux, du pouillot v\u00e9loce, de la linotte m\u00e9lodieuse, de la pie-gri\u00e8che \u00e9corcheur et aussi du traquet tarier, passereau migrateur en danger de disparition, qui trouve, dans les pr\u00e9s humides, les grandes herbes et les ombellif\u00e8res qu\u2019il affectionne.<\/p>\n<p>Peupl\u00e9e d\u00e8s la plus haute antiquit\u00e9, la r\u00e9gion fourmille de vestiges et de t\u00e9moignages d\u2019un riche pass\u00e9, tant sur le plan humain que sur le plan architectural.<\/p>\n<p>Le pr\u00e9sent fascicule a pour seule ambition de vous pr\u00e9senter un avant-gout des principales curiosit\u00e9s et particularit\u00e9s des divers villages de notre r\u00e9gion, en vous donnant, nous l\u2019esp\u00e9rons, l\u2019envie d\u2019en connaitre plus au travers des nombreuses promenades et des publications mises \u00e0 votre disposition par des groupements locaux qui s\u2019\u00e9vertuent \u00e0 pr\u00e9server ce merveilleux patrimoine.<\/p>\n<p>Certains sites et \u00e9difices cit\u00e9s dans le pr\u00e9sent ouvrage sont des propri\u00e9t\u00e9s priv\u00e9es. Leur visite n\u00e9cessite donc l\u2019autorisation des propri\u00e9taires concern\u00e9s.<\/p>\n<p><strong>Remerciements<\/strong><\/p>\n<p>Nous adressons nos remerciements les plus chaleureux \u00e0<\/p>\n<p>M. le Baron Henri d\u2019Otreppe de Bouvette qui a assur\u00e9 la relecture du pr\u00e9sent document et nous a fourni de pr\u00e9cieux conseils.<\/p>\n<p>Ce premier ouvrage consacr\u00e9 aux 23 villages de la commune de Gouvy se veut \u00ab \u00e9volutif \u00bb.<\/p>\n<p>Pour ce faire, I.D. Gouvy asbl utilise les techniques d\u2019\u00e9dition \u00e9lectronique les plus r\u00e9centes. Elles nous permettront de compl\u00e9ter le texte de base au fur et \u00e0 mesure que des \u00e9l\u00e9ments int\u00e9ressants nous parviendront ou que nous en d\u00e9couvrirons. Nous pourrons de la sorte en faire b\u00e9n\u00e9ficier rapidement chaque nouvelle \u00e9dition.<\/p>\n<p>Vous pouvez contribuer au perfectionnement de ce travail : donnez-nous votre avis, faites-nous parvenir vos suggestions, vos t\u00e9moignages et les informations dont vous disposez, parlez-nous des lieux de la commune qui vous plaisent, des l\u00e9gendes que vous connaissez, etc.<\/p>\n<p>Envoyez votre courrier \u00e0 \u00ab I.D. Gouvy A.S.B.L., rue du Becha\u00eet, 3, B 6 670 Gouvy \u00bb.<\/p>\n<p>Vous pouvez \u00e9galement nous transmettre des informations par t\u00e9l\u00e9copie (080 \/ 51.79.20) ou par courrier \u00e9lectronique (<a href=\"mailto:info@gouvy.eu\">info@gouvy.eu<\/a>).<\/p>\n<p>Merci de votre collaboration.<\/p>\n<p>&nbsp;<\/p>\n<p><a title=\"Gouvy, le livre\" href=\"http:\/\/gouvy.eu\/livre\/le-livre\/\">&gt; Consulter le livre<\/a><\/p>\n","protected":false},"excerpt":{"rendered":"<p>Gouvy Au c\u0153ur de la Haute Ardenne\u2026 Situ\u00e9s \u00e0 la pointe extr\u00eame &#8211; nord du Grand Duch\u00e9 de Luxembourg, les 23\u00a0villages et hameaux de la Commune de Gouvy vous accueillent dans un \u00e9crin de verdure, de for\u00eats et de rivi\u00e8res aux eaux limpides. Pour les amoureux de la nature, Gouvy est l\u2019une des communes du [&hellip;]<\/p>\n","protected":false},"author":1,"featured_media":276,"parent":0,"menu_order":13,"comment_status":"closed","ping_status":"open","template":"","meta":{"footnotes":"","_links_to":"","_links_to_target":""},"class_list":["post-235","page","type-page","status-publish","has-post-thumbnail","hentry"],"_links":{"self":[{"href":"https:\/\/gouvy.eu\/livre\/wp-json\/wp\/v2\/pages\/235","targetHints":{"allow":["GET"]}}],"collection":[{"href":"https:\/\/gouvy.eu\/livre\/wp-json\/wp\/v2\/pages"}],"about":[{"href":"https:\/\/gouvy.eu\/livre\/wp-json\/wp\/v2\/types\/page"}],"author":[{"embeddable":true,"href":"https:\/\/gouvy.eu\/livre\/wp-json\/wp\/v2\/users\/1"}],"replies":[{"embeddable":true,"href":"https:\/\/gouvy.eu\/livre\/wp-json\/wp\/v2\/comments?post=235"}],"version-history":[{"count":2,"href":"https:\/\/gouvy.eu\/livre\/wp-json\/wp\/v2\/pages\/235\/revisions"}],"predecessor-version":[{"id":274,"href":"https:\/\/gouvy.eu\/livre\/wp-json\/wp\/v2\/pages\/235\/revisions\/274"}],"wp:featuredmedia":[{"embeddable":true,"href":"https:\/\/gouvy.eu\/livre\/wp-json\/wp\/v2\/media\/276"}],"wp:attachment":[{"href":"https:\/\/gouvy.eu\/livre\/wp-json\/wp\/v2\/media?parent=235"}],"curies":[{"name":"wp","href":"https:\/\/api.w.org\/{rel}","templated":true}]}}