{"id":33,"date":"2012-01-04T11:18:05","date_gmt":"2012-01-04T11:18:05","guid":{"rendered":"http:\/\/85.201.121.98\/livre\/?page_id=33"},"modified":"2014-07-31T08:35:58","modified_gmt":"2014-07-31T08:35:58","slug":"idgouvy-editeur","status":"publish","type":"page","link":"https:\/\/gouvy.eu\/livre\/idgouvy-editeur\/","title":{"rendered":"IDGouvy, \u00e9diteur"},"content":{"rendered":"<p>\u00c0 ce jour, I.D. Gouvy asbl a d\u00e9j\u00e0 \u00e9dit\u00e9\u00a0:<\/p>\n<ul>\n<li>Une brochure intitul\u00e9e \u00ab\u00a0En suivant les bornes\u00a0\u00bb, dans laquelle Feu monsieur De Bruyne et son \u00e9quipe proposent deux promenades didactiques dans la partie Nord-Est de la Commune de Gouvy (ancienne commune de Beho).<\/li>\n<li>\u00ab\u00a0Le Vieux Cimeti\u00e8re de Gouvy\u00a0\u00bb, inventaire descriptif par Carlo Kockerols du patrimoine de l\u2019ancien cimeti\u00e8re de Gouvy-village, tel qu\u2019il se pr\u00e9sentait avant sa restauration, r\u00e9alis\u00e9e en 1997.<\/li>\n<li>I.D. Gouvy asbl est le concepteur et l&rsquo;\u00e9diteur du site <a href=\"http:\/\/www.gouvy.eu\">www.gouvy.eu<\/a> qui regroupe des centaines de pages d&rsquo;informations relatives \u00e0 notre commune. La premi\u00e8re \u00e9dition de ce site fut r\u00e9alis\u00e9e en f\u00e9vrier 1998 sous le nom \u00ab gouvy.be \u00bb. L&rsquo;\u00e9dition actuelle est la quatri\u00e8me refonte majeure de ce site. Vous pouvez nous aider \u00e0 l&rsquo;am\u00e9liorer en faisant parvenir vos remarques \u00e0 l&rsquo;adresse \u00ab <a href=\"mailto:info@gouvy.eu\">info@gouvy.eu<\/a> \u00bb<\/li>\n<\/ul>\n<p>\u00c0 terme, nous avons l\u2019intention de proposer d\u2019une part un guide de promenades reprenant de mani\u00e8re concise l\u2019essentiel des informations pr\u00e9sent\u00e9es dans ce travail, et d\u2019autre part une version n\u00e9erlandaise de cette \u00e9dition.<\/p>\n","protected":false},"excerpt":{"rendered":"<p>\u00c0 ce jour, I.D. Gouvy asbl a d\u00e9j\u00e0 \u00e9dit\u00e9\u00a0: Une brochure intitul\u00e9e \u00ab\u00a0En suivant les bornes\u00a0\u00bb, dans laquelle Feu monsieur De Bruyne et son \u00e9quipe proposent deux promenades didactiques dans la partie Nord-Est de la Commune de Gouvy (ancienne commune de Beho). \u00ab\u00a0Le Vieux Cimeti\u00e8re de Gouvy\u00a0\u00bb, inventaire descriptif par Carlo Kockerols du patrimoine de [&hellip;]<\/p>\n","protected":false},"author":1,"featured_media":0,"parent":0,"menu_order":35,"comment_status":"closed","ping_status":"open","template":"","meta":{"footnotes":"","_links_to":"","_links_to_target":""},"class_list":["post-33","page","type-page","status-publish","hentry"],"_links":{"self":[{"href":"https:\/\/gouvy.eu\/livre\/wp-json\/wp\/v2\/pages\/33","targetHints":{"allow":["GET"]}}],"collection":[{"href":"https:\/\/gouvy.eu\/livre\/wp-json\/wp\/v2\/pages"}],"about":[{"href":"https:\/\/gouvy.eu\/livre\/wp-json\/wp\/v2\/types\/page"}],"author":[{"embeddable":true,"href":"https:\/\/gouvy.eu\/livre\/wp-json\/wp\/v2\/users\/1"}],"replies":[{"embeddable":true,"href":"https:\/\/gouvy.eu\/livre\/wp-json\/wp\/v2\/comments?post=33"}],"version-history":[{"count":8,"href":"https:\/\/gouvy.eu\/livre\/wp-json\/wp\/v2\/pages\/33\/revisions"}],"predecessor-version":[{"id":234,"href":"https:\/\/gouvy.eu\/livre\/wp-json\/wp\/v2\/pages\/33\/revisions\/234"}],"wp:attachment":[{"href":"https:\/\/gouvy.eu\/livre\/wp-json\/wp\/v2\/media?parent=33"}],"curies":[{"name":"wp","href":"https:\/\/api.w.org\/{rel}","templated":true}]}}