{"id":69,"date":"2012-01-04T13:44:53","date_gmt":"2012-01-04T13:44:53","guid":{"rendered":"http:\/\/85.201.121.98\/livre\/?page_id=69"},"modified":"2014-07-29T09:01:51","modified_gmt":"2014-07-29T09:01:51","slug":"bistain","status":"publish","type":"page","link":"https:\/\/gouvy.eu\/livre\/23-villages\/bistain\/","title":{"rendered":"Bistain"},"content":{"rendered":"<h2>Le moulin de Bistain<\/h2>\n<p><em>Selon Carnoy et R.\u00a0Felten, Bistain tirerait son nom de \u00ab\u00a0Bis\u00a0\u00bb et \u00ab\u00a0Stein\u00a0\u00bb\u00a0: roche abrupte et crevass\u00e9e.<\/em><\/p>\n<p>Situ\u00e9 au confluent de l\u2019Ourthe orientale et du ruisseau de Rettigny, faisant face \u00e0 un imposant \u00e9peron rocheux, le moulin dit \u00ab\u00a0de Bistain\u00a0\u00bb est d\u00e9j\u00e0 mentionn\u00e9 en 1823\u2009; une huilerie lui sera adjointe en 1834. Il a fonctionn\u00e9 jusque vers 1\u2009940.<\/p>\n<p>En 1894, un habitant du village d\u00e9couvrit au lieudit \u00ab\u00a0Walenthier\u00a0\u00bb, sur le promontoire rocheux, une s\u00e9pulture gallo-romaine couverte par une dalle en pierre bleue et form\u00e9e par quatre dalles pos\u00e9es en rectangle. Divers objets (amphores, ciseaux\u2026) ont \u00e9t\u00e9 retir\u00e9s de cette tombe qui est aujourd\u2019hui reconstitu\u00e9e et expos\u00e9e au mus\u00e9e du Cinquantenaire \u00e0 Bruxelles.<\/p>\n<p>Transform\u00e9s en exploitation agricole, le moulin et les b\u00e2timents annexes furent ensuite reconvertis en camping dans le courant des ann\u00e9es \u201860.<\/p>\n<p>S\u2019\u00e9tirant le long de la rive droite de la rivi\u00e8re, le camping de Bistain se caract\u00e9rise par une configuration toute en longueur permettant \u00e0 chacun de s\u2019adonner aux plaisirs, qui de la p\u00eache, qui de la randonn\u00e9e en for\u00eat, qui du farniente au bord de l\u2019eau\u2026<\/p>\n<p>Le moulin de Bistain offre aujourd\u2019hui aux touristes l\u2019occasion de se ressourcer dans un environnement naturel inviol\u00e9. Les infrastructures de l\u2019ancien moulin et de la ferme attenante ont \u00e9t\u00e9 astucieusement et harmonieusement mises \u00e0 profit pour offrir au touriste le gite et le couvert.<\/p>\n<p>\u00c0 l\u2019abri des grand-routes bruyantes et encombr\u00e9es, le moulin de Bistain est un havre de paix et de calme dans un \u00e9crin de nature et d\u2019harmonie.<\/p>\n<p><strong>Promenades S.I. passant par le moulin de Bistain<\/strong><\/p>\n<blockquote>\n<ul>\n<li>N\u00b0\u00a017 10,5\u00a0km 3\u00a0h\u00a020 bleu facile, l\u00e9g\u00e8res mont\u00e9es, futaie, point de vue<\/li>\n<li>N\u00b0\u00a018 9,6\u00a0km 3\u00a0h rouge facile, vall\u00e9e de l\u2019Ourthe, village de Brisy<\/li>\n<li>N\u00b0\u00a019 10\u00a0km 3\u00a0h\u00a010 vert facile, Lih\u00e9rin<\/li>\n<\/ul>\n<\/blockquote>\n<p><strong>Parcours VTT passant par Bistain<\/strong><\/p>\n<blockquote>\n<ul>\n<li>N\u00ba\u00a03 37\u00a0km jaune<\/li>\n<\/ul>\n<\/blockquote>\n","protected":false},"excerpt":{"rendered":"<p>Le moulin de Bistain Selon Carnoy et R.\u00a0Felten, Bistain tirerait son nom de \u00ab\u00a0Bis\u00a0\u00bb et \u00ab\u00a0Stein\u00a0\u00bb\u00a0: roche abrupte et crevass\u00e9e. Situ\u00e9 au confluent de l\u2019Ourthe orientale et du ruisseau de Rettigny, faisant face \u00e0 un imposant \u00e9peron rocheux, le moulin dit \u00ab\u00a0de Bistain\u00a0\u00bb est d\u00e9j\u00e0 mentionn\u00e9 en 1823\u2009; une huilerie lui sera adjointe en 1834. [&hellip;]<\/p>\n","protected":false},"author":1,"featured_media":0,"parent":2,"menu_order":3,"comment_status":"closed","ping_status":"open","template":"","meta":{"footnotes":"","_links_to":"","_links_to_target":""},"class_list":["post-69","page","type-page","status-publish","hentry"],"_links":{"self":[{"href":"https:\/\/gouvy.eu\/livre\/wp-json\/wp\/v2\/pages\/69","targetHints":{"allow":["GET"]}}],"collection":[{"href":"https:\/\/gouvy.eu\/livre\/wp-json\/wp\/v2\/pages"}],"about":[{"href":"https:\/\/gouvy.eu\/livre\/wp-json\/wp\/v2\/types\/page"}],"author":[{"embeddable":true,"href":"https:\/\/gouvy.eu\/livre\/wp-json\/wp\/v2\/users\/1"}],"replies":[{"embeddable":true,"href":"https:\/\/gouvy.eu\/livre\/wp-json\/wp\/v2\/comments?post=69"}],"version-history":[{"count":8,"href":"https:\/\/gouvy.eu\/livre\/wp-json\/wp\/v2\/pages\/69\/revisions"}],"predecessor-version":[{"id":182,"href":"https:\/\/gouvy.eu\/livre\/wp-json\/wp\/v2\/pages\/69\/revisions\/182"}],"up":[{"embeddable":true,"href":"https:\/\/gouvy.eu\/livre\/wp-json\/wp\/v2\/pages\/2"}],"wp:attachment":[{"href":"https:\/\/gouvy.eu\/livre\/wp-json\/wp\/v2\/media?parent=69"}],"curies":[{"name":"wp","href":"https:\/\/api.w.org\/{rel}","templated":true}]}}