{"id":97,"date":"2012-01-05T07:13:08","date_gmt":"2012-01-05T07:13:08","guid":{"rendered":"http:\/\/85.201.121.98\/livre\/?page_id=97"},"modified":"2012-01-05T07:13:08","modified_gmt":"2012-01-05T07:13:08","slug":"cherapont","status":"publish","type":"page","link":"https:\/\/gouvy.eu\/livre\/23-villages\/cherapont\/","title":{"rendered":"Cherapont"},"content":{"rendered":"<p><em>Nombre d\u2019habitants\u00a0: 22<\/em><\/p>\n<p>Autrefois constitu\u00e9 du seul moulin, Cherapont est \u00e0 pr\u00e9sent l\u2019un des hauts lieux de vill\u00e9giature dans notre commune. Le complexe touristique de Cherapont s\u2019articule autour de deux imposants \u00e9tangs \u00e0 truites aliment\u00e9s par ses propres sources aux eaux limpides et pures. Ces deux \u00e9tangs sont s\u00e9par\u00e9s par l\u2019Ourthe.<\/p>\n<p>Au creux de ce large vallon herbeux pr\u00e9c\u00e9dant les flancs abrupts et bois\u00e9s de la vall\u00e9e de l\u2019Ourthe, le camping de Cherapont est une \u00e9tape incontournable tant pour les amoureux de la nature que pour les gastronomes qui y d\u00e9couvriront de nombreuses sp\u00e9cialit\u00e9s r\u00e9gionales.<\/p>\n<p>Point de d\u00e9part de nombreuses promenades, il s\u2019est depuis peu agr\u00e9ment\u00e9 d\u2019un joli parc \u00e0 gibier.<\/p>\n<p>Les amoureux de farniente appr\u00e9cieront tout particuli\u00e8rement sa plage. Les amateurs de tennis trouveront l\u00e0 de quoi s\u2019adonner \u00e0 leur sport favori, tout comme les amoureux de la p\u00e9tanque.<\/p>\n<p>Sur le sommet de la colline, les ruines d\u2019une villa romaine ont \u00e9t\u00e9 d\u00e9couvertes. On peut encore y distinguer, creus\u00e9s dans la roche, les vestiges d\u2019une cave et les marches qui y menaient.<\/p>\n<p><strong>Promenades S.I. passant par Cherapont<\/strong><\/p>\n<blockquote>\n<ul>\n<li>N\u00b0\u00a09 2,4\u00a0km 1\u00a0h vert sapini\u00e8re, ruisseau, vall\u00e9e de l\u2019Ourthe<\/li>\n<li>N\u00b0\u00a010 7,1\u00a0km 2\u00a0h\u00a020 rouge tr\u00e8s sauvage, cr\u00eates, rochers<\/li>\n<li>N\u00b0\u00a011 9,5\u00a0km 3\u00a0h\u00a020 jaune facile, tr\u00e8s vari\u00e9e, bois et campagne, points de vue<\/li>\n<li>N\u00b0\u00a020 13,9\u00a0km 4\u00a0h bleu tr\u00e8s sauvage, Cherain, vall\u00e9e de l\u2019Ourthe<\/li>\n<\/ul>\n<\/blockquote>\n<p><strong>Parcours VTT passant par Cherapont<\/strong><\/p>\n<blockquote>\n<ul>\n<li>N\u00ba\u00a01 13\u00a0km rouge<\/li>\n<\/ul>\n<\/blockquote>\n","protected":false},"excerpt":{"rendered":"<p>Nombre d\u2019habitants\u00a0: 22 Autrefois constitu\u00e9 du seul moulin, Cherapont est \u00e0 pr\u00e9sent l\u2019un des hauts lieux de vill\u00e9giature dans notre commune. Le complexe touristique de Cherapont s\u2019articule autour de deux imposants \u00e9tangs \u00e0 truites aliment\u00e9s par ses propres sources aux eaux limpides et pures. Ces deux \u00e9tangs sont s\u00e9par\u00e9s par l\u2019Ourthe. Au creux de ce [&hellip;]<\/p>\n","protected":false},"author":1,"featured_media":0,"parent":2,"menu_order":8,"comment_status":"closed","ping_status":"open","template":"","meta":{"footnotes":"","_links_to":"","_links_to_target":""},"class_list":["post-97","page","type-page","status-publish","hentry"],"_links":{"self":[{"href":"https:\/\/gouvy.eu\/livre\/wp-json\/wp\/v2\/pages\/97","targetHints":{"allow":["GET"]}}],"collection":[{"href":"https:\/\/gouvy.eu\/livre\/wp-json\/wp\/v2\/pages"}],"about":[{"href":"https:\/\/gouvy.eu\/livre\/wp-json\/wp\/v2\/types\/page"}],"author":[{"embeddable":true,"href":"https:\/\/gouvy.eu\/livre\/wp-json\/wp\/v2\/users\/1"}],"replies":[{"embeddable":true,"href":"https:\/\/gouvy.eu\/livre\/wp-json\/wp\/v2\/comments?post=97"}],"version-history":[{"count":1,"href":"https:\/\/gouvy.eu\/livre\/wp-json\/wp\/v2\/pages\/97\/revisions"}],"predecessor-version":[{"id":98,"href":"https:\/\/gouvy.eu\/livre\/wp-json\/wp\/v2\/pages\/97\/revisions\/98"}],"up":[{"embeddable":true,"href":"https:\/\/gouvy.eu\/livre\/wp-json\/wp\/v2\/pages\/2"}],"wp:attachment":[{"href":"https:\/\/gouvy.eu\/livre\/wp-json\/wp\/v2\/media?parent=97"}],"curies":[{"name":"wp","href":"https:\/\/api.w.org\/{rel}","templated":true}]}}