{"id":99,"date":"2012-01-05T07:16:16","date_gmt":"2012-01-05T07:16:16","guid":{"rendered":"http:\/\/85.201.121.98\/livre\/?page_id=99"},"modified":"2014-07-29T09:09:45","modified_gmt":"2014-07-29T09:09:45","slug":"cierreux","status":"publish","type":"page","link":"https:\/\/gouvy.eu\/livre\/23-villages\/cierreux\/","title":{"rendered":"Cierreux"},"content":{"rendered":"<p><em>Population\u00a0: 94 habitants<\/em><\/p>\n<p>Situ\u00e9 sur une \u00e9minence dominant la rive droite du Glain, baign\u00e9 par les eaux du ruisseau des fagnes, le joli petit village de Cierreux rec\u00e8le quelques-unes des maisons les plus repr\u00e9sentatives du pass\u00e9 de notre r\u00e9gion.<\/p>\n<h2>Ensemble class\u00e9<\/h2>\n<p>Au 19e si\u00e8cle, en contrebas du village, le long du Glain, existait un petit ensemble industriel comprenant d\u2019une part moulin \u00e0 grain, scierie, tannerie, moulin \u00e0 \u00e9corce, distillerie agricole, et d\u2019autre part, plus en aval et successivement, foulerie, huilerie et broierie d\u2019os.<\/p>\n<p>Du haut du pont enjambant le Glain, on peut encore admirer, du premier groupe, l\u2019ancien moulin banal et la tannerie Beaupain. Ces deux \u00e9difices sont class\u00e9s. \u00c0 l\u2019avant-plan, on distingue encore l\u2019ancien petit pont de pierre \u00e0 deux arcades qui franchissait anciennement la rivi\u00e8re et conduisait au village.<\/p>\n<h2>La tannerie Beaupain<\/h2>\n<p>Cette haute b\u00e2tisse \u00e0 colombages, de plan rectangulaire, sur cinq niveaux, fut \u00e9difi\u00e9e en deux temps dans la premi\u00e8re moiti\u00e9 du dix-neuvi\u00e8me si\u00e8cle et a fonctionn\u00e9 durant une centaine d\u2019ann\u00e9es. L\u2019embrasure de l\u2019ancien acc\u00e8s r\u00e9cemment obtur\u00e9, portait les initiales grav\u00e9es M.B.P., initiales pr\u00e9sum\u00e9es de Mathieu Beau(!) Pain(!), propri\u00e9taire constructeur. La partie sup\u00e9rieure en colombages et briques, sur trois faces, a \u00e9t\u00e9 copi\u00e9e sur le mod\u00e8le stavelotain en 1912 par l\u2019am\u00e9nagement de l\u2019ancienne structure en colombage et planchettes. Appliqu\u00e9e \u00e0 la m\u00eame date contre la fa\u00e7ade Ouest et regardant le ruisseau, la construction suspendue sous appentis est inspir\u00e9e d\u2019une annexe d\u2019habitation dominant la Ruhr \u00e0 Monschau. Entre la tannerie et la chute d\u2019eau la s\u00e9parant du moulin, on distingue encore les emplacements et les vestiges des anciennes cuves \u00e0 tan. Le b\u00e2timent a fait l\u2019objet d\u2019une r\u00e9novation r\u00e9cente et particuli\u00e8rement heureuse.<\/p>\n<h2>Le moulin \u00e0 farine<\/h2>\n<p>D\u00e9j\u00e0 mentionn\u00e9 en 1602, l\u2019ancien moulin banal du comt\u00e9 de Salm est \u00e9tabli sur le Glain et aliment\u00e9 par trois cours d\u2019eau rassembl\u00e9s dans un bief. R\u00e9nov\u00e9 avec talent, il se pr\u00e9sente sous la forme d\u2019une longue b\u00e2tisse trapue, en m\u0153llons de gr\u00e8s enduits et chaul\u00e9s. La partie ancienne, c\u00f4t\u00e9 ruisseau, porte une niche dat\u00e9e 1789. L\u2019ensemble est couvert d\u2019une toiture en b\u00e2ti\u00e8re de cherbins. La grande roue et le m\u00e9canisme sont encore pr\u00e9sents \u00e0 l\u2019int\u00e9rieur de la b\u00e2tisse. Une restauration ult\u00e9rieure de la machinerie permettra, peut-\u00eatre, de la laisser admirer occasionnellement.<\/p>\n<p>Un petit pont \u00e0 deux arches, dat\u00e9 de 1\u2009818, enjambe le Glain, sur l\u2019ancien trac\u00e9 de la route menant au village, et relie le moulin au parc du ch\u00e2teau attenant (Propri\u00e9t\u00e9 priv\u00e9e).<\/p>\n<h2>La \u00ab\u00a0Sitw\u00e8dr\u00e8ye\u00a0\u00bb<\/h2>\n<p>\u00c0 l\u2019entr\u00e9e du village, en haut de la route, prendre le petit chemin de terre \u00e0 gauche qui descend vers le fond de la vall\u00e9e. Situ\u00e9e sur un m\u00e9andre du Glain au creux de la vall\u00e9e profonde, l\u2019ancienne \u00ab\u00a0sitw\u00e8dr\u00e8ye\u00a0\u00bb a \u00e9t\u00e9 successivement foulerie Poncin (fin du 18e si\u00e8cle), huilerie Beaupain (d\u00e9but du 19e si\u00e8cle) puis broierie d\u2019os (vers 1868 jusque vers 1\u2009914 1\u2009918). Par ailleurs, on y broyait aussi des graines de tr\u00e8fle pour en faire des couleurs (L. et P.F. Lomry). Une meule de l\u2019huilerie subsiste encore aux environs.<\/p>\n<h2>\u00c9difices religieux<\/h2>\n<h4>La chapelle de Cierreux<\/h4>\n<p>Au milieu du village, la chapelle de Cierreux, avec son clocheton en t\u00eate de fa\u00e7ade, mononef datant de 1\u2009704, fut agrandie en 1933. Son mobilier du 18e si\u00e8cle est r\u00e9pertori\u00e9 et comprend deux autels en bois peint. \u00c0 noter \u00e9galement les statues na\u00efves ornant les murs de la nef.<\/p>\n<h4>La petite chapelle Saint-Roch<\/h4>\n<p>Situ\u00e9e au nord du village, non loin de l\u2019\u00e9difice religieux principal, la petite chapelle Saint-Roch fut reconstruite en 1953 sur l\u2019emplacement d\u2019une ancienne chapelle datant, selon la tradition, de 1\u2009636, ann\u00e9e o\u00f9 la peste frappa particuli\u00e8rement durement les populations.<\/p>\n<h4>La chapelle Sainte-Th\u00e9r\u00e8se<\/h4>\n<p>Situ\u00e9e sur une \u00e9minence non loin de l\u2019ancienne station de chemin de fer, cette chapelle construite en 1930 m\u00e9rite un d\u00e9tour en raison du point de vue remarquable qu\u2019elle offre sur l\u2019ancien site industriel, et le ch\u00e2teau de Cierreux. L\u2019int\u00e9rieur de l\u2019\u00e9difice est en cours de r\u00e9novation.<\/p>\n<h2>Autres centres d\u2019int\u00e9r\u00eat<\/h2>\n<p>On note \u00e9galement, le long du ruisseau de Cierreux, la pr\u00e9sence de tertres qui sont des r\u00e9sidus de travaux d\u2019orpaillage (filtration des alluvions de rivi\u00e8res pour r\u00e9cup\u00e9rer des paillettes d\u2019or). La pr\u00e9sence de ces tertres atteste de l\u2019occupation de la r\u00e9gion d\u00e8s la seconde p\u00e9riode de l\u2019\u00e2ge du Fer (La T\u00e8ne 1).<\/p>\n<p>En bordure de la route Gouvy-Vielsalm et du parc, la ferme du ch\u00e2teau, en m\u0153llons blanchis \u00e0 la chaux, a \u00e9t\u00e9 construite aux alentours de 1900. Cette ferme, toute en longueur, se distingue des autres b\u00e2timents similaires de la r\u00e9gion par sa construction sans \u00e9tages.<\/p>\n<p>Au sud-est de Cierreux, au lieudit Henrichapelle se trouvaient d\u2019anciennes carri\u00e8res d\u2019o\u00f9 l\u2019on extrayait jadis des pierres \u00e0 aiguiser les faux.<\/p>\n<p>Peu apr\u00e8s le pont du chemin de fer, sur la gauche en direction de Vielsalm, un d\u00e9tour s\u2019impose sur le site de l\u2019ancienne centrale \u00e9lectrique Beaupain et de sa retenue d\u2019eau aliment\u00e9e par \u00ab\u00a0l\u2019eau de Ronce\u00a0\u00bb.<\/p>\n<h2>La centrale \u00e9lectrique de Cierreux<\/h2>\n<p>C\u2019est \u00e0 l\u2019initiative de Jean Baptiste Beaupain, petit fils de Mathieu\u00a0Beaupain, exploitant la tannerie et le moulin de l\u2019ancien complexe industriel, que fut cr\u00e9\u00e9e la centrale \u00e9lectrique de la Ronce, en 1905.<\/p>\n<p>Apr\u00e8s avoir obtenu l\u2019autorisation de la commune de Bovigny, en 1904, d\u2019\u00e9tablir un barrage sur la Ronce, puis l\u2019accord de la d\u00e9putation permanente de la province de Li\u00e8ge (la Ronce d\u00e9limitant la fronti\u00e8re entre les communes de Lierneux et Bovigny ainsi qu\u2019entre les provinces de Luxembourg et de Li\u00e8ge), Jean Baptiste Beaupain obtint de la commune de Vielsalm le privil\u00e8ge d\u2019y installer canalisation et conducteurs en vue d\u2019une distribution d\u2019\u00e9clairage \u00e9lectrique.<\/p>\n<p>Une concession de 30\u00a0ans lui fut alors accord\u00e9e, au terme de laquelle la commune avait la facult\u00e9 de racheter l\u2019ensemble des installations de distribution et de fabrication. En contrepartie, le concessionnaire s\u2019engageait \u00e0 fournir l\u2019\u00e9clairage des villages de Vielsalm et Salmch\u00e2teau, moyennant la somme de 1\u2009800 francs par mois, au moyen de 80\u00a0lampes de 16\u00a0bougies chacune et 4\u00a0lampes \u00e0 arc de 10\u00a0amp\u00e8res. Par ailleurs, le concessionnaire devait \u00e9galement fournir l\u2019\u00e9clairage aux b\u00e2timents communaux et aux particuliers au prix de \u00ab\u00a060 centimes\u00a0\u00bb le kilowattheure.<\/p>\n<p>Le 27\u00a0aout\u00a01906, la Soci\u00e9t\u00e9 \u00c9lectrique de Vielsalm \u00e9tait constitu\u00e9e, avec un capital de 60.000 francs, repr\u00e9sent\u00e9 par 600\u00a0actions de 100 francs chacune. Afin de r\u00e9gulariser le d\u00e9bit du ruisseau, une retenue d\u2019eau allait \u00eatre r\u00e9alis\u00e9e, dans un premier temps, sans l\u2019accord des autorit\u00e9s. Ce premier barrage f\u00fbt par la suite remplac\u00e9 par un autre, \u00e0 la condition que soit plac\u00e9e une \u00e9chelle gradu\u00e9e permettant de constater, en tout temps, que la soci\u00e9t\u00e9 \u00e9lectrique laissait passer, de 4 \u00e0 19\u00a0heures, un d\u00e9bit \u00e9gal \u00e0 celui du ruisseau. Il faut dire que quelques petites usines, munies de moteurs hydrauliques, faisaient usage des eaux du Glain dont la Ronce constitue l\u2019un des principaux affluents. Pour ces usiniers, la cr\u00e9ation d\u2019une retenue d\u2019eau risquait de r\u00e9duire fortement le d\u00e9bit de la rivi\u00e8re durant les heures de travail, induisant, de ce fait, des heures de ch\u00f4mage non n\u00e9gligeables, ceci d\u2019autant plus que tant la Ronce que le Glain sont deux cours d\u2019eau capricieux.<\/p>\n<p>En 1911, soit 5\u00a0ans seulement apr\u00e8s sa construction, la Soci\u00e9t\u00e9 anonyme \u00e9lectrique de Vielsalm proposait le rachat de l\u2019unit\u00e9 de production, pour le prix de 27.000 francs. Ce n\u2019est cependant que le 11\u00a0mars\u00a01921, bien apr\u00e8s le d\u00e9c\u00e8s de son cr\u00e9ateur, que la centrale fut vendue, de m\u00eame que les terrains qui l\u2019entourent, pour la coquette somme, \u00e0 l\u2019\u00e9poque, de 42.500 francs. Les acqu\u00e9reurs s\u2019engag\u00e8rent, par ailleurs, \u00e0 fournir gratuitement \u00e0 Jeanne\u00a0Beaupain, veuve du constructeur, l\u2019\u00e9nergie \u00e9lectrique n\u00e9cessaire \u00e0 son usage personnel, et ce pour sa vie durant.<\/p>\n<p>La petite soci\u00e9t\u00e9 sera dissoute en 1923 et la concession reprise par la Compagnie d\u2019\u00e9lectricit\u00e9 des Ardennes (Comarden). Une turbine sera, bien des ann\u00e9es plus tard, install\u00e9e sur le site afin de fournir de l\u2019\u00e9nergie \u00e9lectrique lors des pointes de consommation.<\/p>\n<h2>Suggestion<\/h2>\n<p>Faire \u00e0 pied le tour de l\u2019\u00e9tang et remonter en direction de Honvelez-Bovigny, d\u2019o\u00f9 l\u2019on pourra appr\u00e9cier un superbe panorama de la vall\u00e9e du Glain et des villages de Rogery et Cierreux.<\/p>\n<h2>\u00c0 voir \u00e9galement<\/h2>\n<p>Au n\u00b0\u00a021, la Maison Clesse (1815-1943) est une ancienne ferme en m\u0153llons de gr\u00e8s autrefois enduits et blanchis. Le pignon d\u2019entr\u00e9e est pr\u00e9sente trois trav\u00e9es sur deux niveaux et demi de baies \u00e0 encadrements de schiste ardoisier.<\/p>\n<p>Au n\u00b0\u00a023, \u00e9tablies depuis le 18e sur une terrasse en bordure d\u2019un chemin creux, importante ferme et d\u00e9pendances, dont un vieux chartil &#8211; entrep\u00f4t \u00e0 charriots -. Cet ensemble formait jadis une cour ferm\u00e9e.<\/p>\n<p><strong>Promenade S.I. passant par le village de Cierreux<\/strong><\/p>\n<blockquote>\n<ul>\n<li>N\u00b0\u00a024 10,2\u00a0km 3\u00a0h jaune bois et campagne<\/li>\n<\/ul>\n<\/blockquote>\n","protected":false},"excerpt":{"rendered":"<p>Population\u00a0: 94 habitants Situ\u00e9 sur une \u00e9minence dominant la rive droite du Glain, baign\u00e9 par les eaux du ruisseau des fagnes, le joli petit village de Cierreux rec\u00e8le quelques-unes des maisons les plus repr\u00e9sentatives du pass\u00e9 de notre r\u00e9gion. Ensemble class\u00e9 Au 19e si\u00e8cle, en contrebas du village, le long du Glain, existait un petit [&hellip;]<\/p>\n","protected":false},"author":1,"featured_media":0,"parent":2,"menu_order":9,"comment_status":"closed","ping_status":"open","template":"","meta":{"footnotes":"","_links_to":"","_links_to_target":""},"class_list":["post-99","page","type-page","status-publish","hentry"],"_links":{"self":[{"href":"https:\/\/gouvy.eu\/livre\/wp-json\/wp\/v2\/pages\/99","targetHints":{"allow":["GET"]}}],"collection":[{"href":"https:\/\/gouvy.eu\/livre\/wp-json\/wp\/v2\/pages"}],"about":[{"href":"https:\/\/gouvy.eu\/livre\/wp-json\/wp\/v2\/types\/page"}],"author":[{"embeddable":true,"href":"https:\/\/gouvy.eu\/livre\/wp-json\/wp\/v2\/users\/1"}],"replies":[{"embeddable":true,"href":"https:\/\/gouvy.eu\/livre\/wp-json\/wp\/v2\/comments?post=99"}],"version-history":[{"count":5,"href":"https:\/\/gouvy.eu\/livre\/wp-json\/wp\/v2\/pages\/99\/revisions"}],"predecessor-version":[{"id":191,"href":"https:\/\/gouvy.eu\/livre\/wp-json\/wp\/v2\/pages\/99\/revisions\/191"}],"up":[{"embeddable":true,"href":"https:\/\/gouvy.eu\/livre\/wp-json\/wp\/v2\/pages\/2"}],"wp:attachment":[{"href":"https:\/\/gouvy.eu\/livre\/wp-json\/wp\/v2\/media?parent=99"}],"curies":[{"name":"wp","href":"https:\/\/api.w.org\/{rel}","templated":true}]}}